{"id":2766,"date":"2021-03-05T09:52:10","date_gmt":"2021-03-05T09:52:10","guid":{"rendered":"https:\/\/www.anaoliveira.pt\/?page_id=2766"},"modified":"2021-03-10T15:25:08","modified_gmt":"2021-03-10T15:25:08","slug":"sobre","status":"publish","type":"page","link":"http:\/\/www.anaoliveira.pt\/en\/sobre\/","title":{"rendered":"Sobre"},"content":{"rendered":"<section class=\"section\" id=\"section_1660953616\">\n\t\t<div class=\"bg section-bg fill bg-fill\" >\n\n\t\t\t\n\t\t\t<div class=\"section-bg-overlay absolute fill\"><\/div>\n\t\t\t\n\n\t\t<\/div>\n\n\t\t<div class=\"section-content relative\">\n\t\t\t\n\n\t<div id=\"text-3084001315\" class=\"text\">\n\t\t\n\n<h1>SOBRE<\/h1>\n\t\t\n<style>\n#text-3084001315 {\n  font-size: 1.75rem;\n  text-align: center;\n  color: rgb(255, 255, 255);\n}\n#text-3084001315 > * {\n  color: rgb(255, 255, 255);\n}\n<\/style>\n\t<\/div>\n\t\n\n\t\t<\/div>\n\n\t\t\n<style>\n#section_1660953616 {\n  padding-top: 30px;\n  padding-bottom: 30px;\n  min-height: 400px;\n}\n#section_1660953616 .section-bg-overlay {\n  background-color: rgba(0,0,0,.5);\n}\n#section_1660953616 .section-bg.bg-loaded {\n  background-image: url(https:\/\/www.anaoliveira.pt\/wp-content\/uploads\/2021\/03\/slide2-scaled.jpg);\n}\n@media (min-width:550px) {\n  #section_1660953616 {\n    min-height: 600px;\n  }\n}\n<\/style>\n\t<\/section>\n\t\n\t<section class=\"section\" id=\"section_1555749666\">\n\t\t<div class=\"bg section-bg fill bg-fill  bg-loaded\" >\n\n\t\t\t\n\t\t\t\n\t\t\t\n\n\t\t<\/div>\n\n\t\t<div class=\"section-content relative\">\n\t\t\t\n\n<div class=\"row row-collapse row-full-width\"  id=\"row-1697727811\">\n\n\n\t<div id=\"col-1476208894\" class=\"col medium-10 small-12 large-5\"  >\n\t\t<div class=\"col-inner\" style=\"background-color:rgb(215, 180, 105);\" >\n\t\t\t\n\t\t\t\n\n\t<div id=\"gap-1731870498\" class=\"gap-element clearfix\" style=\"display:block; height:auto;\">\n\t\t\n<style>\n#gap-1731870498 {\n  padding-top: 500px;\n}\n<\/style>\n\t<\/div>\n\t\n\n\n\t\t<\/div>\n\t\t\n<style>\n#col-1476208894 > .col-inner {\n  margin: -100px 0px 0px 0px;\n}\n@media (min-width:550px) {\n  #col-1476208894 > .col-inner {\n    margin: -100px 0px 0px 950px;\n  }\n}\n<\/style>\n\t<\/div>\n\n\t\n\n<\/div>\n<div class=\"row\" style=\"max-width:1300px\" id=\"row-781279773\">\n\n\n\t<div id=\"col-476221127\" class=\"col medium-9 small-12 large-6\"  >\n\t\t<div class=\"col-inner\"  >\n\t\t\t\n\t\t\t\n\n<div class=\"is-divider divider clearfix\" style=\"max-width:300px;background-color:rgb(0, 0, 0);\"><\/div>\n\n<p class=\"lead\">Como Diretora Criativa, esfor\u00e7o-me por transformar paredes em hist\u00f3rias, casas em lares, espa\u00e7os em experi\u00eancias.<\/p>\n<p class=\"lead\"><strong>Eu estou aqui para si, Obrigada por estar a\u00ed!<\/strong><\/p>\n<a class=\"button secondary is-underline\"  >\n    <span>Vamos FALAR?<\/span>\n  <\/a>\n\n\n\n\t\t<\/div>\n\t\t\n<style>\n#col-476221127 > .col-inner {\n  margin: -400px 0px 0px 0px;\n}\n@media (min-width:850px) {\n  #col-476221127 > .col-inner {\n    margin: -330px 0px 0px 100px;\n  }\n}\n<\/style>\n\t<\/div>\n\n\t\n\n<\/div>\n\n\t\t<\/div>\n\n\t\t\n<style>\n#section_1555749666 {\n  padding-top: 30px;\n  padding-bottom: 30px;\n}\n<\/style>\n\t<\/section>\n\t\n\t<section class=\"section\" id=\"section_496661063\">\n\t\t<div class=\"bg section-bg fill bg-fill  bg-loaded\" >\n\n\t\t\t\n\t\t\t\n\t\t\t\n\n\t\t<\/div>\n\n\t\t<div class=\"section-content relative\">\n\t\t\t\n\n<div class=\"row row-collapse row-full-width\"  id=\"row-809921957\">\n\n\n\t<div id=\"col-858745142\" class=\"col small-12 large-12\"  >\n\t\t<div class=\"col-inner\"  >\n\t\t\t\n\t\t\t\n\n\n  <div class=\"banner has-hover\" id=\"banner-766063102\">\n          <div class=\"banner-inner fill\">\n        <div class=\"banner-bg fill\" >\n            <div class=\"bg fill bg-fill\"><\/div>\n                        <div class=\"overlay\"><\/div>            \n                    <\/div>\n        <div class=\"banner-layers container\">\n            <div class=\"fill banner-link\"><\/div>            \n\n\n        <\/div>\n      <\/div>\n\n            \n<style>\n#banner-766063102 {\n  padding-top: 300px;\n  background-color: rgb(255, 255, 255);\n}\n#banner-766063102 .bg.bg-loaded {\n  background-image: url(https:\/\/www.anaoliveira.pt\/wp-content\/uploads\/2021\/03\/sobre-header-scaled.jpg);\n}\n#banner-766063102 .overlay {\n  background-color: rgba(0, 0, 0, 0.01);\n}\n#banner-766063102 .bg {\n  background-position: 0% 19%;\n}\n@media (min-width:550px) {\n  #banner-766063102 {\n    padding-top: 500px;\n  }\n}\n<\/style>\n  <\/div>\n\n\n\n\t\t<\/div>\n\t\t\n<style>\n#col-858745142 > .col-inner {\n  margin: -130px 0px 0px 0px;\n}\n@media (min-width:850px) {\n  #col-858745142 > .col-inner {\n    margin: -100px 0px 0px 0px;\n  }\n}\n<\/style>\n\t<\/div>\n\n\t\n\n<\/div>\n\n\t\t<\/div>\n\n\t\t\n<style>\n#section_496661063 {\n  padding-top: 30px;\n  padding-bottom: 30px;\n}\n<\/style>\n\t<\/section>\n\t\n\t<section class=\"section\" id=\"section_1955031030\">\n\t\t<div class=\"bg section-bg fill bg-fill  bg-loaded\" >\n\n\t\t\t\n\t\t\t\n\t\t\t\n\n\t\t<\/div>\n\n\t\t<div class=\"section-content relative\">\n\t\t\t\n\n<div class=\"row\" style=\"max-width:1300px\" id=\"row-672100677\">\n\n\n\t<div id=\"col-1460568724\" class=\"col medium-11 small-12 large-7\"  >\n\t\t<div class=\"col-inner\" style=\"background-color:rgb(215, 180, 105);\" >\n\t\t\t\n\t\t\t\n\n\t<div id=\"gap-1420696139\" class=\"gap-element clearfix\" style=\"display:block; height:auto;\">\n\t\t\n<style>\n#gap-1420696139 {\n  padding-top: 300px;\n}\n<\/style>\n\t<\/div>\n\t\n\n\n\t\t<\/div>\n\t\t\n<style>\n#col-1460568724 > .col-inner {\n  margin: -150px 0px 0px 0px;\n}\n<\/style>\n\t<\/div>\n\n\t\n\n<\/div>\n<div class=\"row align-right\" style=\"max-width:1300px\" id=\"row-1962050943\">\n\n\n<\/div>\n\n\t\t<\/div>\n\n\t\t\n<style>\n#section_1955031030 {\n  padding-top: 30px;\n  padding-bottom: 30px;\n}\n<\/style>\n\t<\/section>","protected":false},"excerpt":{"rendered":"","protected":false},"author":2,"featured_media":0,"parent":0,"menu_order":0,"comment_status":"closed","ping_status":"closed","template":"page-header-on-scroll.php","meta":{"inline_featured_image":false,"footnotes":""},"class_list":["post-2766","page","type-page","status-publish","hentry"],"_links":{"self":[{"href":"http:\/\/www.anaoliveira.pt\/en\/wp-json\/wp\/v2\/pages\/2766","targetHints":{"allow":["GET"]}}],"collection":[{"href":"http:\/\/www.anaoliveira.pt\/en\/wp-json\/wp\/v2\/pages"}],"about":[{"href":"http:\/\/www.anaoliveira.pt\/en\/wp-json\/wp\/v2\/types\/page"}],"author":[{"embeddable":true,"href":"http:\/\/www.anaoliveira.pt\/en\/wp-json\/wp\/v2\/users\/2"}],"replies":[{"embeddable":true,"href":"http:\/\/www.anaoliveira.pt\/en\/wp-json\/wp\/v2\/comments?post=2766"}],"version-history":[{"count":6,"href":"http:\/\/www.anaoliveira.pt\/en\/wp-json\/wp\/v2\/pages\/2766\/revisions"}],"predecessor-version":[{"id":3064,"href":"http:\/\/www.anaoliveira.pt\/en\/wp-json\/wp\/v2\/pages\/2766\/revisions\/3064"}],"wp:attachment":[{"href":"http:\/\/www.anaoliveira.pt\/en\/wp-json\/wp\/v2\/media?parent=2766"}],"curies":[{"name":"wp","href":"https:\/\/api.w.org\/{rel}","templated":true}]}}