{"id":2768,"date":"2021-03-05T09:55:02","date_gmt":"2021-03-05T09:55:02","guid":{"rendered":"https:\/\/www.anaoliveira.pt\/?page_id=2768"},"modified":"2021-03-25T13:34:15","modified_gmt":"2021-03-25T13:34:15","slug":"home-staging","status":"publish","type":"page","link":"https:\/\/www.anaoliveira.pt\/en\/home-staging\/","title":{"rendered":"Home Staging"},"content":{"rendered":"<section class=\"section\" id=\"section_793088193\">\n\t\t<div class=\"bg section-bg fill bg-fill  bg-loaded\" >\n\n\t\t\t\n\t\t\t\n\t\t\t\n\n\t\t<\/div>\n\n\t\t<div class=\"section-content relative\">\n\t\t\t\n\n\n  <div class=\"banner has-hover\" id=\"banner-1006097702\">\n          <div class=\"banner-inner fill\">\n        <div class=\"banner-bg fill\" >\n            <div class=\"bg fill bg-fill\"><\/div>\n                        <div class=\"overlay\"><\/div>            \n                    <\/div>\n        <div class=\"banner-layers container\">\n            <div class=\"fill banner-link\"><\/div>            \n\n   <div id=\"text-box-585510040\" class=\"text-box banner-layer x50 md-x50 lg-x50 y50 md-y50 lg-y50 res-text\">\n                                <div class=\"text-box-content text dark\">\n              \n              <div class=\"text-inner text-center\">\n                  \n\n\t<div class=\"img has-hover x md-x lg-x y md-y lg-y\" id=\"image_562269266\">\n\t\t\t\t\t\t\t\t<div class=\"img-inner dark\" style=\"margin:-150px 0px 0px 0px;\">\n\t\t\t<img loading=\"lazy\" decoding=\"async\" width=\"512\" height=\"612\" src=\"https:\/\/www.anaoliveira.pt\/wp-content\/uploads\/2021\/03\/icon-topo-branco-1.png\" class=\"attachment-original size-original\" alt=\"\" srcset=\"https:\/\/www.anaoliveira.pt\/wp-content\/uploads\/2021\/03\/icon-topo-branco-1.png 512w, https:\/\/www.anaoliveira.pt\/wp-content\/uploads\/2021\/03\/icon-topo-branco-1-251x300.png 251w\" sizes=\"auto, (max-width: 512px) 100vw, 512px\" \/>\t\t\t\t\t\t\n\t\t\t\t\t<\/div>\n\t\t\t\t\t\t\t\t\n<style>\n#image_562269266 {\n  width: 40%;\n}\n@media (min-width:550px) {\n  #image_562269266 {\n    width: 20%;\n  }\n}\n<\/style>\n\t<\/div>\n\t\n\n\t<div id=\"gap-1491657612\" class=\"gap-element clearfix\" style=\"display:block; height:auto;\">\n\t\t\n<style>\n#gap-1491657612 {\n  padding-top: 30px;\n}\n<\/style>\n\t<\/div>\n\t\n\n<h1>Home Staging<\/h1>\n\n              <\/div>\n           <\/div>\n                            \n<style>\n#text-box-585510040 {\n  width: 60%;\n}\n#text-box-585510040 .text-box-content {\n  font-size: 100%;\n}\n<\/style>\n    <\/div>\n \n\n        <\/div>\n      <\/div>\n\n            \n<style>\n#banner-1006097702 {\n  padding-top: 600px;\n}\n#banner-1006097702 .bg.bg-loaded {\n  background-image: url(https:\/\/www.anaoliveira.pt\/wp-content\/uploads\/2021\/03\/DSC_0394.jpg);\n}\n#banner-1006097702 .overlay {\n  background-color: rgba(0,0,0,.5);\n}\n#banner-1006097702 .bg {\n  background-position: 0% 60%;\n}\n<\/style>\n  <\/div>\n\n\n\n\t\t<\/div>\n\n\t\t\n<style>\n#section_793088193 {\n  padding-top: 0px;\n  padding-bottom: 0px;\n  min-height: 400px;\n}\n@media (min-width:550px) {\n  #section_793088193 {\n    min-height: 600px;\n  }\n}\n<\/style>\n\t<\/section>\n\t\n\t<section class=\"section\" id=\"section_1440142304\">\n\t\t<div class=\"bg section-bg fill bg-fill  bg-loaded\" >\n\n\t\t\t\n\t\t\t\n\t\t\t\n\t<div class=\"is-border\"\n\t\tstyle=\"border-color:rgb(235, 235, 235);border-width:1px 0px 0px 0px;\">\n\t<\/div>\n\n\t\t<\/div>\n\n\t\t<div class=\"section-content relative\">\n\t\t\t\n\n<div class=\"row\"  id=\"row-402177998\">\n\n\n\t<div id=\"col-1281227275\" class=\"col small-12 large-12\"  >\n\t\t<div class=\"col-inner\"  >\n\t\t\t\n\t\t\t\n\n<div class=\"accordion\" rel=\"\">\n\n<div class=\"accordion-item\"><a href=\"#\" class=\"accordion-title plain\"><button class=\"toggle\"><i class=\"icon-angle-down\"><\/i><\/button><span>PROJETO HOME STAGING (Para Im\u00f3veis vazios)<\/span><\/a><div class=\"accordion-inner\">\n\n<div class=\"row\"  id=\"row-1020079068\">\n\n\n\t<div id=\"col-1738571336\" class=\"col medium-7 small-12 large-7\"  >\n\t\t<div class=\"col-inner\"  >\n\t\t\t\n\t\t\t\n\n<p><strong>Colocar um Im\u00f3vel \u00e0 venda vazio N\u00c3O \u00e9 uma boa op\u00e7\u00e3o!<\/strong><\/p>\n<p>90% das pessoas n\u00e3o consegue visualizar um im\u00f3vel vazio, ent\u00e3o j\u00e1 pensou que, se estiver a promover a venda de um im\u00f3vel vazio estar\u00e1 a trabalhar com uma minoria de 10%?<\/p>\n<p><strong><em>Como se processa?<\/em><\/strong><\/p>\n<ul>\n<li>Visita ao Im\u00f3vel, levantamento fotogr\u00e1fio e param\u00eatrico.<\/li>\n<li>Briefing de considera\u00e7\u00f5es gerais sobre layout, fun\u00e7\u00e3o, p\u00fablico alvo, est\u00e9tica decorativa, materiais e outros aspetos inerentes ao Projeto.<\/li>\n<li>Apresenta\u00e7\u00e3o de Projeto em Moodboard , Planta 2D cotada, com sugest\u00e3o de layout e elementos a adquirir.<\/li>\n<li>Implementa\u00e7\u00e3o do Projeto no local.<\/li>\n<\/ul>\n<p>Possibilidade de aluguer de mobili\u00e1rio, mediante disponibilidade.<\/p>\n\n\t\t<\/div>\n\t\t\t<\/div>\n\n\t\n\n\t<div id=\"col-568882686\" class=\"col medium-5 small-12 large-5\"  >\n\t\t<div class=\"col-inner text-center\"  >\n\t\t\t\n\t\t\t\n\n\t<div class=\"img has-hover x md-x lg-x y md-y lg-y\" id=\"image_1791220168\">\n\t\t\t\t\t\t\t\t<div class=\"img-inner dark\" >\n\t\t\t<img loading=\"lazy\" decoding=\"async\" width=\"1020\" height=\"679\" src=\"https:\/\/www.anaoliveira.pt\/wp-content\/uploads\/2021\/03\/DSC_1860-1024x682.jpg\" class=\"attachment-large size-large\" alt=\"\" srcset=\"https:\/\/www.anaoliveira.pt\/wp-content\/uploads\/2021\/03\/DSC_1860-1024x682.jpg 1024w, https:\/\/www.anaoliveira.pt\/wp-content\/uploads\/2021\/03\/DSC_1860-300x200.jpg 300w, https:\/\/www.anaoliveira.pt\/wp-content\/uploads\/2021\/03\/DSC_1860-768x512.jpg 768w, https:\/\/www.anaoliveira.pt\/wp-content\/uploads\/2021\/03\/DSC_1860-1536x1024.jpg 1536w, https:\/\/www.anaoliveira.pt\/wp-content\/uploads\/2021\/03\/DSC_1860-16x12.jpg 16w, https:\/\/www.anaoliveira.pt\/wp-content\/uploads\/2021\/03\/DSC_1860-600x400.jpg 600w, https:\/\/www.anaoliveira.pt\/wp-content\/uploads\/2021\/03\/DSC_1860.jpg 2000w\" sizes=\"auto, (max-width: 1020px) 100vw, 1020px\" \/>\t\t\t\t\t\t\n\t\t\t\t\t<\/div>\n\t\t\t\t\t\t\t\t\n<style>\n#image_1791220168 {\n  width: 100%;\n}\n<\/style>\n\t<\/div>\n\t\n\n\t<div id=\"gap-1134389425\" class=\"gap-element clearfix\" style=\"display:block; height:auto;\">\n\t\t\n<style>\n#gap-1134389425 {\n  padding-top: 30px;\n}\n<\/style>\n\t<\/div>\n\t\n\n<a data-animate=\"bounceInLeft\" class=\"button secondary is-outline\"  >\n    <span>SABER MAIS<\/span>\n  <\/a>\n\n\n\n\t\t<\/div>\n\t\t\t<\/div>\n\n\t\n\n<\/div>\n\n<\/div><\/div>\n<div class=\"accordion-item\"><a href=\"#\" class=\"accordion-title plain\"><button class=\"toggle\"><i class=\"icon-angle-down\"><\/i><\/button><span>CONSULTA REFRESH HS  (Para Im\u00f3veis mobilados ou habitados)<\/span><\/a><div class=\"accordion-inner\">\n\n<div class=\"row\"  id=\"row-347594646\">\n\n\n\t<div id=\"col-1917494062\" class=\"col medium-7 small-12 large-7\"  >\n\t\t<div class=\"col-inner\"  >\n\t\t\t\n\t\t\t\n\n<p><strong><em>A forma como se vive n\u00e3o \u00e9 a forma como se vende. <\/em><\/strong><\/p>\n<p>Se quer vender mais r\u00e1pido, ao melhor pre\u00e7o, isso requer uma rigorosa e assertiva prepara\u00e7\u00e3o do Im\u00f3vel.<strong>\u00a0<\/strong><\/p>\n<p><strong>Como se processa?<\/strong><\/p>\n<ul>\n<li>Visita ao Im\u00f3vel<\/li>\n<li>Diagn\u00f3stico de pontos a serem melhorados<\/li>\n<li>Apresenta\u00e7\u00e3o de relat\u00f3rio escrito com as a\u00e7\u00f5es a realizar, bem como shopping list com elementos e locais onde adquirir.<\/li>\n<\/ul>\n<p>Implementa\u00e7\u00e3o do projeto a cargo do cliente.<\/p>\n<ul>\n<li>Caso a lista lhe pare\u00e7a demasiado extensa, poder\u00e1 optar pelo Projeto Home Staging.<\/li>\n<\/ul>\n\n\t\t<\/div>\n\t\t\t<\/div>\n\n\t\n\n\t<div id=\"col-181955056\" class=\"col medium-5 small-12 large-5\"  >\n\t\t<div class=\"col-inner text-center\"  >\n\t\t\t\n\t\t\t\n\n\t<div class=\"img has-hover x md-x lg-x y md-y lg-y\" id=\"image_2090549156\">\n\t\t\t\t\t\t\t\t<div class=\"img-inner dark\" >\n\t\t\t<img loading=\"lazy\" decoding=\"async\" width=\"1020\" height=\"679\" src=\"https:\/\/www.anaoliveira.pt\/wp-content\/uploads\/2021\/03\/DSC_1837-1024x682.jpg\" class=\"attachment-large size-large\" alt=\"\" srcset=\"https:\/\/www.anaoliveira.pt\/wp-content\/uploads\/2021\/03\/DSC_1837-1024x682.jpg 1024w, https:\/\/www.anaoliveira.pt\/wp-content\/uploads\/2021\/03\/DSC_1837-300x200.jpg 300w, https:\/\/www.anaoliveira.pt\/wp-content\/uploads\/2021\/03\/DSC_1837-768x512.jpg 768w, https:\/\/www.anaoliveira.pt\/wp-content\/uploads\/2021\/03\/DSC_1837-1536x1024.jpg 1536w, https:\/\/www.anaoliveira.pt\/wp-content\/uploads\/2021\/03\/DSC_1837-16x12.jpg 16w, https:\/\/www.anaoliveira.pt\/wp-content\/uploads\/2021\/03\/DSC_1837-600x400.jpg 600w, https:\/\/www.anaoliveira.pt\/wp-content\/uploads\/2021\/03\/DSC_1837.jpg 2000w\" sizes=\"auto, (max-width: 1020px) 100vw, 1020px\" \/>\t\t\t\t\t\t\n\t\t\t\t\t<\/div>\n\t\t\t\t\t\t\t\t\n<style>\n#image_2090549156 {\n  width: 100%;\n}\n<\/style>\n\t<\/div>\n\t\n\n\t<div id=\"gap-1835638378\" class=\"gap-element clearfix\" style=\"display:block; height:auto;\">\n\t\t\n<style>\n#gap-1835638378 {\n  padding-top: 30px;\n}\n<\/style>\n\t<\/div>\n\t\n\n<a data-animate=\"bounceInLeft\" class=\"button secondary is-outline\"  >\n    <span>SABER MAIS<\/span>\n  <\/a>\n\n\n\n\t\t<\/div>\n\t\t\t<\/div>\n\n\t\n\n<\/div>\n\n<\/div><\/div>\n\n<\/div>\n<div class=\"accordion\" rel=\"\">\n\n<div class=\"accordion-item\"><a href=\"#\" class=\"accordion-title plain\"><button class=\"toggle\"><i class=\"icon-angle-down\"><\/i><\/button><span>PROJETO DE HOME STAGING AL<\/span><\/a><div class=\"accordion-inner\">\n\n<div class=\"row\"  id=\"row-199274321\">\n\n\n\t<div id=\"col-1240391220\" class=\"col medium-7 small-12 large-7\"  >\n\t\t<div class=\"col-inner\"  >\n\t\t\t\n\t\t\t\n\n<p><strong><em>O Servi\u00e7o chave na m\u00e3o com tudo o que necessita para o seu Alojamento Local.<\/em><\/strong><\/p>\n<ul>\n<li>Visita ao Im\u00f3vel, de forma a conhecer as caracter\u00edsticas arquitet\u00f4nicas bem com a zona envolvente<\/li>\n<li>Briefing de considera\u00e7\u00f5es gerais sobre layout, fun\u00e7\u00e3o, zonas, p\u00fablico alvo, est\u00e9tica decorativa e materiais<\/li>\n<li>Apresenta\u00e7\u00e3o de Projeto em Moodboard com sugest\u00e3o de layout e elementos<\/li>\n<li>Implementa\u00e7\u00e3o de Projeto no local, entrega e montagem<\/li>\n<\/ul>\n\n\t\t<\/div>\n\t\t\t<\/div>\n\n\t\n\n\t<div id=\"col-676173394\" class=\"col medium-5 small-12 large-5\"  >\n\t\t<div class=\"col-inner text-center\"  >\n\t\t\t\n\t\t\t\n\n\t<div class=\"img has-hover x md-x lg-x y md-y lg-y\" id=\"image_221599302\">\n\t\t\t\t\t\t\t\t<div class=\"img-inner dark\" >\n\t\t\t<img loading=\"lazy\" decoding=\"async\" width=\"1020\" height=\"679\" src=\"https:\/\/www.anaoliveira.pt\/wp-content\/uploads\/2021\/03\/DSC_0363-1024x682.jpg\" class=\"attachment-large size-large\" alt=\"\" srcset=\"https:\/\/www.anaoliveira.pt\/wp-content\/uploads\/2021\/03\/DSC_0363-1024x682.jpg 1024w, https:\/\/www.anaoliveira.pt\/wp-content\/uploads\/2021\/03\/DSC_0363-300x200.jpg 300w, https:\/\/www.anaoliveira.pt\/wp-content\/uploads\/2021\/03\/DSC_0363-768x512.jpg 768w, https:\/\/www.anaoliveira.pt\/wp-content\/uploads\/2021\/03\/DSC_0363-1536x1024.jpg 1536w, https:\/\/www.anaoliveira.pt\/wp-content\/uploads\/2021\/03\/DSC_0363-16x12.jpg 16w, https:\/\/www.anaoliveira.pt\/wp-content\/uploads\/2021\/03\/DSC_0363-600x400.jpg 600w, https:\/\/www.anaoliveira.pt\/wp-content\/uploads\/2021\/03\/DSC_0363.jpg 2000w\" sizes=\"auto, (max-width: 1020px) 100vw, 1020px\" \/>\t\t\t\t\t\t\n\t\t\t\t\t<\/div>\n\t\t\t\t\t\t\t\t\n<style>\n#image_221599302 {\n  width: 100%;\n}\n<\/style>\n\t<\/div>\n\t\n\n\t<div id=\"gap-860416335\" class=\"gap-element clearfix\" style=\"display:block; height:auto;\">\n\t\t\n<style>\n#gap-860416335 {\n  padding-top: 30px;\n}\n<\/style>\n\t<\/div>\n\t\n\n<a data-animate=\"bounceInLeft\" class=\"button secondary is-outline\"  >\n    <span>SABER MAIS<\/span>\n  <\/a>\n\n\n\n\t\t<\/div>\n\t\t\t<\/div>\n\n\t\n\n<\/div>\n\n<\/div><\/div>\n<div class=\"accordion-item\"><a href=\"#\" class=\"accordion-title plain\"><button class=\"toggle\"><i class=\"icon-angle-down\"><\/i><\/button><span>SERVI\u00c7OS EXTRAS OPCIONAIS AL<\/span><\/a><div class=\"accordion-inner\">\n\n<div class=\"row\"  id=\"row-485973363\">\n\n\n\t<div id=\"col-278661888\" class=\"col medium-7 small-12 large-7\"  >\n\t\t<div class=\"col-inner\"  >\n\t\t\t\n\t\t\t\n\n<ul>\n<li><strong>Servi\u00e7o de Fotografia Profissional<\/strong><\/li>\n<\/ul>\n<p>Parceria com Profissional de reportagem fotogr\u00e1fica, disponibilizando fotografias em formato digital para que possa publicar nas plataformas digitais.<\/p>\n<ul>\n<li><strong>Ag\u00eancias de arrendamento tur\u00edstico<\/strong><\/li>\n<\/ul>\n<p>Realizamos parcerias com Ag\u00eancias de arrendamento turistico locais.<\/p>\n<ul>\n<li><strong>Fornecimento de Itens Utilit\u00e1rios para AL<\/strong><\/li>\n<\/ul>\n<p>Podemos ainda tratar de tudo o que \u00e9 estritamente necess\u00e1rio para que o seu AL fique pronto a iniciar.<\/p>\n\n\t\t<\/div>\n\t\t\t<\/div>\n\n\t\n\n\t<div id=\"col-1918574347\" class=\"col medium-5 small-12 large-5\"  >\n\t\t<div class=\"col-inner text-center\"  >\n\t\t\t\n\t\t\t\n\n\t<div class=\"img has-hover x md-x lg-x y md-y lg-y\" id=\"image_1936344866\">\n\t\t\t\t\t\t\t\t<div class=\"img-inner dark\" >\n\t\t\t<img loading=\"lazy\" decoding=\"async\" width=\"1020\" height=\"679\" src=\"https:\/\/www.anaoliveira.pt\/wp-content\/uploads\/2021\/03\/DSC_0394-1024x682.jpg\" class=\"attachment-large size-large\" alt=\"\" srcset=\"https:\/\/www.anaoliveira.pt\/wp-content\/uploads\/2021\/03\/DSC_0394-1024x682.jpg 1024w, https:\/\/www.anaoliveira.pt\/wp-content\/uploads\/2021\/03\/DSC_0394-300x200.jpg 300w, https:\/\/www.anaoliveira.pt\/wp-content\/uploads\/2021\/03\/DSC_0394-768x512.jpg 768w, https:\/\/www.anaoliveira.pt\/wp-content\/uploads\/2021\/03\/DSC_0394-1536x1024.jpg 1536w, https:\/\/www.anaoliveira.pt\/wp-content\/uploads\/2021\/03\/DSC_0394-16x12.jpg 16w, https:\/\/www.anaoliveira.pt\/wp-content\/uploads\/2021\/03\/DSC_0394-600x400.jpg 600w, https:\/\/www.anaoliveira.pt\/wp-content\/uploads\/2021\/03\/DSC_0394.jpg 2000w\" sizes=\"auto, (max-width: 1020px) 100vw, 1020px\" \/>\t\t\t\t\t\t\n\t\t\t\t\t<\/div>\n\t\t\t\t\t\t\t\t\n<style>\n#image_1936344866 {\n  width: 100%;\n}\n<\/style>\n\t<\/div>\n\t\n\n\t<div id=\"gap-1348163908\" class=\"gap-element clearfix\" style=\"display:block; height:auto;\">\n\t\t\n<style>\n#gap-1348163908 {\n  padding-top: 30px;\n}\n<\/style>\n\t<\/div>\n\t\n\n<a data-animate=\"bounceInLeft\" class=\"button secondary is-outline\"  >\n    <span>SABER MAIS<\/span>\n  <\/a>\n\n\n\n\t\t<\/div>\n\t\t\t<\/div>\n\n\t\n\n<\/div>\n\n<\/div><\/div>\n\n<\/div>\n\t<div id=\"gap-338204881\" class=\"gap-element clearfix\" style=\"display:block; height:auto;\">\n\t\t\n<style>\n#gap-338204881 {\n  padding-top: 30px;\n}\n<\/style>\n\t<\/div>\n\t\n\n\n\t\t<\/div>\n\t\t\t<\/div>\n\n\t\n\n<\/div>\n\n  <div class=\"banner has-hover has-parallax\" id=\"banner-272098562\">\n          <div class=\"banner-inner fill\">\n        <div class=\"banner-bg fill\" data-parallax=\"-7\" data-parallax-container=\".banner\" data-parallax-background>\n            <div class=\"bg fill bg-fill\"><\/div>\n                        <div class=\"overlay\"><\/div>            \n                    <\/div>\n        <div class=\"banner-layers container\">\n            <div class=\"fill banner-link\"><\/div>            \n\n   <div id=\"text-box-1867185925\" class=\"text-box banner-layer x50 md-x50 lg-x50 y50 md-y50 lg-y50 res-text\">\n                                <div class=\"text-box-content text dark\">\n              \n              <div class=\"text-inner text-center\">\n                  \n\n\t<div id=\"text-457208737\" class=\"text\">\n\t\t\n\n<span>\u201cBuyers only know what they see, not the way it\u00b4s going to be\u201d &#8211;\u00a0Barb Schwarz\n<\/span>\n\t\t\n<style>\n#text-457208737 {\n  font-size: 1.75rem;\n}\n<\/style>\n\t<\/div>\n\t\n\n              <\/div>\n           <\/div>\n                            \n<style>\n#text-box-1867185925 {\n  width: 62%;\n}\n#text-box-1867185925 .text-box-content {\n  font-size: 100%;\n}\n<\/style>\n    <\/div>\n \n\n        <\/div>\n      <\/div>\n\n            \n<style>\n#banner-272098562 {\n  padding-top: 400px;\n}\n#banner-272098562 .bg.bg-loaded {\n  background-image: url(https:\/\/www.anaoliveira.pt\/wp-content\/uploads\/2021\/03\/DSC_0363-1024x682.jpg);\n}\n#banner-272098562 .overlay {\n  background-color: rgba(0,0,0,.5);\n}\n#banner-272098562 .bg {\n  background-position: 0% 76%;\n}\n<\/style>\n  <\/div>\n\n\n\n\t\t<\/div>\n\n\t\t\n<style>\n#section_1440142304 {\n  padding-top: 59px;\n  padding-bottom: 59px;\n  min-height: 300px;\n  background-color: rgba(215, 180, 106, 0.1);\n}\n<\/style>\n\t<\/section>","protected":false},"excerpt":{"rendered":"","protected":false},"author":2,"featured_media":0,"parent":0,"menu_order":0,"comment_status":"closed","ping_status":"closed","template":"page-header-on-scroll.php","meta":{"inline_featured_image":false,"footnotes":""},"class_list":["post-2768","page","type-page","status-publish","hentry"],"_links":{"self":[{"href":"https:\/\/www.anaoliveira.pt\/en\/wp-json\/wp\/v2\/pages\/2768","targetHints":{"allow":["GET"]}}],"collection":[{"href":"https:\/\/www.anaoliveira.pt\/en\/wp-json\/wp\/v2\/pages"}],"about":[{"href":"https:\/\/www.anaoliveira.pt\/en\/wp-json\/wp\/v2\/types\/page"}],"author":[{"embeddable":true,"href":"https:\/\/www.anaoliveira.pt\/en\/wp-json\/wp\/v2\/users\/2"}],"replies":[{"embeddable":true,"href":"https:\/\/www.anaoliveira.pt\/en\/wp-json\/wp\/v2\/comments?post=2768"}],"version-history":[{"count":30,"href":"https:\/\/www.anaoliveira.pt\/en\/wp-json\/wp\/v2\/pages\/2768\/revisions"}],"predecessor-version":[{"id":3772,"href":"https:\/\/www.anaoliveira.pt\/en\/wp-json\/wp\/v2\/pages\/2768\/revisions\/3772"}],"wp:attachment":[{"href":"https:\/\/www.anaoliveira.pt\/en\/wp-json\/wp\/v2\/media?parent=2768"}],"curies":[{"name":"wp","href":"https:\/\/api.w.org\/{rel}","templated":true}]}}