{"id":2770,"date":"2021-03-05T09:55:31","date_gmt":"2021-03-05T09:55:31","guid":{"rendered":"https:\/\/www.anaoliveira.pt\/?page_id=2770"},"modified":"2021-03-24T11:57:37","modified_gmt":"2021-03-24T11:57:37","slug":"projeto-de-interiores","status":"publish","type":"page","link":"https:\/\/www.anaoliveira.pt\/en\/projeto-de-interiores\/","title":{"rendered":"Projeto de interiores"},"content":{"rendered":"<section class=\"section\" id=\"section_445420877\">\n\t\t<div class=\"bg section-bg fill bg-fill  bg-loaded\" >\n\n\t\t\t\n\t\t\t\n\t\t\t\n\n\t\t<\/div>\n\n\t\t<div class=\"section-content relative\">\n\t\t\t\n\n\n  <div class=\"banner has-hover\" id=\"banner-13282895\">\n          <div class=\"banner-inner fill\">\n        <div class=\"banner-bg fill\" >\n            <div class=\"bg fill bg-fill\"><\/div>\n                        <div class=\"overlay\"><\/div>            \n                    <\/div>\n        <div class=\"banner-layers container\">\n            <div class=\"fill banner-link\"><\/div>            \n\n   <div id=\"text-box-1051984041\" class=\"text-box banner-layer x50 md-x50 lg-x50 y50 md-y50 lg-y50 res-text\">\n                                <div class=\"text-box-content text dark\">\n              \n              <div class=\"text-inner text-center\">\n                  \n\n\t<div class=\"img has-hover x md-x lg-x y md-y lg-y\" id=\"image_747991536\">\n\t\t\t\t\t\t\t\t<div class=\"img-inner dark\" style=\"margin:-150px 0px 0px 0px;\">\n\t\t\t<img loading=\"lazy\" decoding=\"async\" width=\"512\" height=\"612\" src=\"https:\/\/www.anaoliveira.pt\/wp-content\/uploads\/2021\/03\/icon-topo-branco-1.png\" class=\"attachment-original size-original\" alt=\"\" srcset=\"https:\/\/www.anaoliveira.pt\/wp-content\/uploads\/2021\/03\/icon-topo-branco-1.png 512w, https:\/\/www.anaoliveira.pt\/wp-content\/uploads\/2021\/03\/icon-topo-branco-1-251x300.png 251w\" sizes=\"auto, (max-width: 512px) 100vw, 512px\" \/>\t\t\t\t\t\t\n\t\t\t\t\t<\/div>\n\t\t\t\t\t\t\t\t\n<style>\n#image_747991536 {\n  width: 40%;\n}\n@media (min-width:550px) {\n  #image_747991536 {\n    width: 20%;\n  }\n}\n<\/style>\n\t<\/div>\n\t\n\n\t<div id=\"gap-1253983763\" class=\"gap-element clearfix\" style=\"display:block; height:auto;\">\n\t\t\n<style>\n#gap-1253983763 {\n  padding-top: 30px;\n}\n<\/style>\n\t<\/div>\n\t\n\n<h1>Projeto de interiores<\/h1>\n\n              <\/div>\n           <\/div>\n                            \n<style>\n#text-box-1051984041 {\n  width: 60%;\n}\n#text-box-1051984041 .text-box-content {\n  font-size: 100%;\n}\n<\/style>\n    <\/div>\n \n\n        <\/div>\n      <\/div>\n\n            \n<style>\n#banner-13282895 {\n  padding-top: 600px;\n}\n#banner-13282895 .bg.bg-loaded {\n  background-image: url(https:\/\/www.anaoliveira.pt\/wp-content\/uploads\/2021\/03\/cushions-08.jpg);\n}\n#banner-13282895 .overlay {\n  background-color: rgba(0, 0, 0, 0.5);\n}\n#banner-13282895 .bg {\n  background-position: 55% 76%;\n}\n<\/style>\n  <\/div>\n\n\n\n\t\t<\/div>\n\n\t\t\n<style>\n#section_445420877 {\n  padding-top: 0px;\n  padding-bottom: 0px;\n  min-height: 400px;\n}\n@media (min-width:550px) {\n  #section_445420877 {\n    min-height: 600px;\n  }\n}\n<\/style>\n\t<\/section>\n\t\n\t<section class=\"section\" id=\"section_107717847\">\n\t\t<div class=\"bg section-bg fill bg-fill  bg-loaded\" >\n\n\t\t\t\n\t\t\t\n\t\t\t\n\t<div class=\"is-border\"\n\t\tstyle=\"border-color:rgb(235, 235, 235);border-width:1px 0px 0px 0px;\">\n\t<\/div>\n\n\t\t<\/div>\n\n\t\t<div class=\"section-content relative\">\n\t\t\t\n\n<div class=\"row\"  id=\"row-814032681\">\n\n\n\t<div id=\"col-637188982\" class=\"col medium-8 small-12 large-8\"  >\n\t\t<div class=\"col-inner\"  >\n\t\t\t\n\t\t\t\n\n<blockquote>\n<p><strong>\u201cNada \u00e9 imposs\u00edvel, se puder ser sonhado, ent\u00e3o pode ser feito\u201d &#8211;\u00a0<\/strong><strong>Theodore Roosevelt<\/strong><\/p>\n<\/blockquote>\n<p>O Ambiente que nos rodeia exerce uma forte influ\u00eancia sobre n\u00f3s, e faz nos sentir bem ou mal, muitas vezes sem percebermos o motivo.\u00a0E quantas vezes j\u00e1 comprou elementos decorativos fant\u00e1sticos e depois de colocar no sitio, percebeu que n\u00e3o funcionava, que n\u00e3o criava harmonia no espa\u00e7o, que faltava qualquer coisa?<\/p>\n<p>Um Projeto de Interiores n\u00e3o se trata apenas de conjugar cores e padr\u00f5es, requer conhecimento t\u00e9cnico, conceitos de ergonomia, fluxos de circula\u00e7\u00e3o, estudo de layout, formas, e muita sensibilidade, enfim requer o know-how de quem lhe seja apto para lhe ajudar profissionalmente.<\/p>\n<p>Realizamos o estudo do seu espa\u00e7o, tendo em conta as suas necessidades, objetivos e gosto pessoal.<\/p>\n<p>Tratamos de tudo, desde a fase de estudo preliminar at\u00e9 a entrega, acompanhamento e montagem do projeto.<\/p>\n<a data-animate=\"bounceInLeft\" href=\"\/en\/#popmake-2962\" target=\"_self\" class=\"button secondary is-outline\"  >\n    <span>FALE CONNOSCO<\/span>\n  <\/a>\n\n\n\t<div id=\"gap-625842643\" class=\"gap-element clearfix\" style=\"display:block; height:auto;\">\n\t\t\n<style>\n#gap-625842643 {\n  padding-top: 30px;\n}\n<\/style>\n\t<\/div>\n\t\n\n\n\t\t<\/div>\n\t\t\t<\/div>\n\n\t\n\n\t<div id=\"col-1523946601\" class=\"col medium-4 small-12 large-4\"  data-animate=\"fadeInRight\">\n\t\t<div class=\"col-inner\"  >\n\t\t\t\n\t\t\t\n\n\n  <div class=\"banner has-hover\" id=\"banner-1159162662\">\n          <div class=\"banner-inner fill\">\n        <div class=\"banner-bg fill\" >\n            <div class=\"bg fill bg-fill\"><\/div>\n                        <div class=\"overlay\"><\/div>            \n                    <\/div>\n        <div class=\"banner-layers container\">\n            <div class=\"fill banner-link\"><\/div>            \t<div class=\"hotspot-wrapper x90 md-x90 lg-x90 y95 md-y95 lg-y95 dark\">\n\t\t<div data-animate=\"bounceIn\">\n\t\t\t\t\t\t\t<a href=\"\/en\/loja\/\" class=\"hotspot tooltip\" title=\"VISITAR LOJA\" >\n\t\t\t\t\t<i class=\"icon-plus\"><\/i>\n\t\t\t\t<\/a>\n\t\t\t\t\t<\/div>\n\t<\/div>\n\t\n\n\n\n\n        <\/div>\n      <\/div>\n\n            \n<style>\n#banner-1159162662 {\n  padding-top: 300px;\n  background-color: rgb(255, 255, 255);\n}\n#banner-1159162662 .bg.bg-loaded {\n  background-image: url(https:\/\/www.anaoliveira.pt\/wp-content\/uploads\/2021\/03\/Projetos-de-interiores-2.jpg);\n}\n#banner-1159162662 .overlay {\n  background-color: rgba(0, 0, 0, 0.01);\n}\n#banner-1159162662 .bg {\n  background-position: 90% 66%;\n}\n@media (min-width:550px) {\n  #banner-1159162662 {\n    padding-top: 500px;\n  }\n}\n<\/style>\n  <\/div>\n\n\n\n\t\t<\/div>\n\t\t\t<\/div>\n\n\t\n\n<\/div>\n\n\t\t<\/div>\n\n\t\t\n<style>\n#section_107717847 {\n  padding-top: 59px;\n  padding-bottom: 59px;\n  min-height: 300px;\n  background-color: rgba(215, 180, 106, 0.1);\n}\n<\/style>\n\t<\/section>","protected":false},"excerpt":{"rendered":"","protected":false},"author":2,"featured_media":0,"parent":0,"menu_order":0,"comment_status":"closed","ping_status":"closed","template":"page-header-on-scroll.php","meta":{"inline_featured_image":false,"footnotes":""},"class_list":["post-2770","page","type-page","status-publish","hentry"],"_links":{"self":[{"href":"https:\/\/www.anaoliveira.pt\/en\/wp-json\/wp\/v2\/pages\/2770","targetHints":{"allow":["GET"]}}],"collection":[{"href":"https:\/\/www.anaoliveira.pt\/en\/wp-json\/wp\/v2\/pages"}],"about":[{"href":"https:\/\/www.anaoliveira.pt\/en\/wp-json\/wp\/v2\/types\/page"}],"author":[{"embeddable":true,"href":"https:\/\/www.anaoliveira.pt\/en\/wp-json\/wp\/v2\/users\/2"}],"replies":[{"embeddable":true,"href":"https:\/\/www.anaoliveira.pt\/en\/wp-json\/wp\/v2\/comments?post=2770"}],"version-history":[{"count":12,"href":"https:\/\/www.anaoliveira.pt\/en\/wp-json\/wp\/v2\/pages\/2770\/revisions"}],"predecessor-version":[{"id":3667,"href":"https:\/\/www.anaoliveira.pt\/en\/wp-json\/wp\/v2\/pages\/2770\/revisions\/3667"}],"wp:attachment":[{"href":"https:\/\/www.anaoliveira.pt\/en\/wp-json\/wp\/v2\/media?parent=2770"}],"curies":[{"name":"wp","href":"https:\/\/api.w.org\/{rel}","templated":true}]}}