{"id":2774,"date":"2021-03-05T09:56:39","date_gmt":"2021-03-05T09:56:39","guid":{"rendered":"https:\/\/www.anaoliveira.pt\/?page_id=2774"},"modified":"2021-03-08T10:02:39","modified_gmt":"2021-03-08T10:02:39","slug":"consultoria","status":"publish","type":"page","link":"https:\/\/www.anaoliveira.pt\/en\/consultoria\/","title":{"rendered":"Consultoria"},"content":{"rendered":"<section class=\"section\" id=\"section_696534661\">\n\t\t<div class=\"bg section-bg fill bg-fill  bg-loaded\" >\n\n\t\t\t\n\t\t\t\n\t\t\t\n\n\t\t<\/div>\n\n\t\t<div class=\"section-content relative\">\n\t\t\t\n\n\n  <div class=\"banner has-hover\" id=\"banner-917549653\">\n          <div class=\"banner-inner fill\">\n        <div class=\"banner-bg fill\" >\n            <div class=\"bg fill bg-fill\"><\/div>\n                        <div class=\"overlay\"><\/div>            \n                    <\/div>\n        <div class=\"banner-layers container\">\n            <div class=\"fill banner-link\"><\/div>            \n\n   <div id=\"text-box-1838481717\" class=\"text-box banner-layer x50 md-x50 lg-x50 y50 md-y50 lg-y50 res-text\">\n                                <div class=\"text-box-content text dark\">\n              \n              <div class=\"text-inner text-center\">\n                  \n\n\t<div class=\"img has-hover x md-x lg-x y md-y lg-y\" id=\"image_2099486835\">\n\t\t\t\t\t\t\t\t<div class=\"img-inner dark\" style=\"margin:-150px 0px 0px 0px;\">\n\t\t\t<img loading=\"lazy\" decoding=\"async\" width=\"512\" height=\"612\" src=\"https:\/\/www.anaoliveira.pt\/wp-content\/uploads\/2021\/03\/icon-topo-branco-1.png\" class=\"attachment-original size-original\" alt=\"\" srcset=\"https:\/\/www.anaoliveira.pt\/wp-content\/uploads\/2021\/03\/icon-topo-branco-1.png 512w, https:\/\/www.anaoliveira.pt\/wp-content\/uploads\/2021\/03\/icon-topo-branco-1-251x300.png 251w\" sizes=\"auto, (max-width: 512px) 100vw, 512px\" \/>\t\t\t\t\t\t\n\t\t\t\t\t<\/div>\n\t\t\t\t\t\t\t\t\n<style>\n#image_2099486835 {\n  width: 40%;\n}\n@media (min-width:550px) {\n  #image_2099486835 {\n    width: 20%;\n  }\n}\n<\/style>\n\t<\/div>\n\t\n\n\t<div id=\"gap-52360102\" class=\"gap-element clearfix\" style=\"display:block; height:auto;\">\n\t\t\n<style>\n#gap-52360102 {\n  padding-top: 30px;\n}\n<\/style>\n\t<\/div>\n\t\n\n<h1>Consultoria Prestige<\/h1>\n\n              <\/div>\n           <\/div>\n                            \n<style>\n#text-box-1838481717 {\n  width: 60%;\n}\n#text-box-1838481717 .text-box-content {\n  font-size: 100%;\n}\n<\/style>\n    <\/div>\n \n\n        <\/div>\n      <\/div>\n\n            \n<style>\n#banner-917549653 {\n  padding-top: 600px;\n}\n#banner-917549653 .bg.bg-loaded {\n  background-image: url(https:\/\/www.anaoliveira.pt\/wp-content\/uploads\/2021\/03\/Consultoria.jpg);\n}\n#banner-917549653 .overlay {\n  background-color: rgba(0,0,0,.5);\n}\n#banner-917549653 .bg {\n  background-position: 0% 100%;\n}\n<\/style>\n  <\/div>\n\n\n\n\t\t<\/div>\n\n\t\t\n<style>\n#section_696534661 {\n  padding-top: 0px;\n  padding-bottom: 0px;\n  min-height: 400px;\n}\n@media (min-width:550px) {\n  #section_696534661 {\n    min-height: 600px;\n  }\n}\n<\/style>\n\t<\/section>\n\t\n\t<section class=\"section\" id=\"section_1764443219\">\n\t\t<div class=\"bg section-bg fill bg-fill  bg-loaded\" >\n\n\t\t\t\n\t\t\t\n\t\t\t\n\t<div class=\"is-border\"\n\t\tstyle=\"border-color:rgb(235, 235, 235);border-width:1px 0px 0px 0px;\">\n\t<\/div>\n\n\t\t<\/div>\n\n\t\t<div class=\"section-content relative\">\n\t\t\t\n\n<div class=\"row\"  id=\"row-2065784667\">\n\n\n\t<div id=\"col-2144090581\" class=\"col medium-7 small-12 large-7\"  >\n\t\t<div class=\"col-inner\"  >\n\t\t\t\n\t\t\t\n\n<p><strong>O ideal para quem procura apoio para melhorar o seu espa\u00e7o, aproveitando alguns elementos j\u00e1 existentes. <\/strong><\/p>\n<p><strong>N\u00e3o sabe por onde come\u00e7ar?<\/strong><\/p>\n<ol>\n<li>Analisamos o seu Espa\u00e7o, e definimos todos os pontos a reorganizar: Layout, cores, zonas, elementos a substituir entre outros!<\/li>\n<li>Realizamos um moodboard para cada divis\u00e3o, e apresentamos uma shopping list com todos os elementos que dever\u00e1 adquirir, bem como a lista de a\u00e7\u00f5es a tomar para sua implementa\u00e7\u00e3o.<\/li>\n<li>Com a nossa ajuda profissional e o nosso know-how, \u00a0realizar\u00e1 uma face lift \u00e0 sua divis\u00e3o, tudo de acordo com o seu gosto e or\u00e7amento.<\/li>\n<li>Implementa\u00e7\u00e3o do Projeto a cargo do cliente.<\/li>\n<\/ol>\n<p><strong>Dispon\u00edvel em formato presencial e online.<\/strong><\/p>\n\t<div id=\"gap-1204845277\" class=\"gap-element clearfix\" style=\"display:block; height:auto;\">\n\t\t\n<style>\n#gap-1204845277 {\n  padding-top: 30px;\n}\n<\/style>\n\t<\/div>\n\t\n\n<a data-animate=\"bounceInLeft\" href=\"\/en\/#popmake-2962\" target=\"_self\" class=\"button secondary is-outline\"  >\n    <span>SABER MAIS<\/span>\n  <\/a>\n\n\n\n\t\t<\/div>\n\t\t\t<\/div>\n\n\t\n\n\t<div id=\"col-1532155675\" class=\"col medium-5 small-12 large-5\"  data-animate=\"fadeInRight\">\n\t\t<div class=\"col-inner\"  >\n\t\t\t\n\t\t\t\n\n\n  <div class=\"banner has-hover\" id=\"banner-1823774225\">\n          <div class=\"banner-inner fill\">\n        <div class=\"banner-bg fill\" >\n            <div class=\"bg fill bg-fill\"><\/div>\n                        <div class=\"overlay\"><\/div>            \n                    <\/div>\n        <div class=\"banner-layers container\">\n            <div class=\"fill banner-link\"><\/div>            \t<div class=\"hotspot-wrapper x90 md-x90 lg-x90 y95 md-y95 lg-y95 dark\">\n\t\t<div data-animate=\"bounceIn\">\n\t\t\t\t\t\t\t<a href=\"\/en\/loja\/\" class=\"hotspot tooltip\" title=\"VISITAR LOJA\" >\n\t\t\t\t\t<i class=\"icon-plus\"><\/i>\n\t\t\t\t<\/a>\n\t\t\t\t\t<\/div>\n\t<\/div>\n\t\n\n\n\n\n        <\/div>\n      <\/div>\n\n            \n<style>\n#banner-1823774225 {\n  padding-top: 300px;\n  background-color: rgb(255, 255, 255);\n}\n#banner-1823774225 .bg.bg-loaded {\n  background-image: url(https:\/\/www.anaoliveira.pt\/wp-content\/uploads\/2021\/03\/satori-naturals-04.jpg);\n}\n#banner-1823774225 .overlay {\n  background-color: rgba(0, 0, 0, 0.01);\n}\n#banner-1823774225 .bg {\n  background-position: 0% 34%;\n}\n@media (min-width:550px) {\n  #banner-1823774225 {\n    padding-top: 500px;\n  }\n}\n<\/style>\n  <\/div>\n\n\n\n\t\t<\/div>\n\t\t\t<\/div>\n\n\t\n\n<\/div>\n\n\t\t<\/div>\n\n\t\t\n<style>\n#section_1764443219 {\n  padding-top: 59px;\n  padding-bottom: 59px;\n  min-height: 300px;\n  background-color: rgba(215, 180, 106, 0.1);\n}\n<\/style>\n\t<\/section>","protected":false},"excerpt":{"rendered":"","protected":false},"author":2,"featured_media":0,"parent":0,"menu_order":0,"comment_status":"closed","ping_status":"closed","template":"page-header-on-scroll.php","meta":{"inline_featured_image":false,"footnotes":""},"class_list":["post-2774","page","type-page","status-publish","hentry"],"_links":{"self":[{"href":"https:\/\/www.anaoliveira.pt\/en\/wp-json\/wp\/v2\/pages\/2774","targetHints":{"allow":["GET"]}}],"collection":[{"href":"https:\/\/www.anaoliveira.pt\/en\/wp-json\/wp\/v2\/pages"}],"about":[{"href":"https:\/\/www.anaoliveira.pt\/en\/wp-json\/wp\/v2\/types\/page"}],"author":[{"embeddable":true,"href":"https:\/\/www.anaoliveira.pt\/en\/wp-json\/wp\/v2\/users\/2"}],"replies":[{"embeddable":true,"href":"https:\/\/www.anaoliveira.pt\/en\/wp-json\/wp\/v2\/comments?post=2774"}],"version-history":[{"count":49,"href":"https:\/\/www.anaoliveira.pt\/en\/wp-json\/wp\/v2\/pages\/2774\/revisions"}],"predecessor-version":[{"id":3007,"href":"https:\/\/www.anaoliveira.pt\/en\/wp-json\/wp\/v2\/pages\/2774\/revisions\/3007"}],"wp:attachment":[{"href":"https:\/\/www.anaoliveira.pt\/en\/wp-json\/wp\/v2\/media?parent=2774"}],"curies":[{"name":"wp","href":"https:\/\/api.w.org\/{rel}","templated":true}]}}