{"id":4435,"date":"2021-05-27T13:17:23","date_gmt":"2021-05-27T12:17:23","guid":{"rendered":"https:\/\/www.anaoliveira.pt\/?page_id=4435"},"modified":"2024-10-10T16:18:22","modified_gmt":"2024-10-10T15:18:22","slug":"press","status":"publish","type":"page","link":"https:\/\/www.anaoliveira.pt\/en\/press\/","title":{"rendered":"Press"},"content":{"rendered":"<section class=\"section\" id=\"section_1698890847\">\n\t\t<div class=\"bg section-bg fill bg-fill  bg-loaded\" >\n\n\t\t\t\n\t\t\t\n\t\t\t\n\n\t\t<\/div>\n\n\t\t<div class=\"section-content relative\">\n\t\t\t\n\n\n  <div class=\"banner has-hover\" id=\"banner-143864898\">\n          <div class=\"banner-inner fill\">\n        <div class=\"banner-bg fill\" >\n            <div class=\"bg fill bg-fill\"><\/div>\n                        <div class=\"overlay\"><\/div>            \n                    <\/div>\n        <div class=\"banner-layers container\">\n            <div class=\"fill banner-link\"><\/div>            \n\n   <div id=\"text-box-1476151073\" class=\"text-box banner-layer x50 md-x50 lg-x50 y50 md-y50 lg-y50 res-text\">\n                                <div class=\"text-box-content text dark\">\n              \n              <div class=\"text-inner text-center\">\n                  \n\n\t<div class=\"img has-hover x md-x lg-x y md-y lg-y\" id=\"image_2053498275\">\n\t\t\t\t\t\t\t\t<div class=\"img-inner dark\" style=\"margin:-150px 0px 0px 0px;\">\n\t\t\t<img loading=\"lazy\" decoding=\"async\" width=\"512\" height=\"612\" src=\"https:\/\/www.anaoliveira.pt\/wp-content\/uploads\/2021\/03\/icon-topo-branco-1.png\" class=\"attachment-original size-original\" alt=\"\" srcset=\"https:\/\/www.anaoliveira.pt\/wp-content\/uploads\/2021\/03\/icon-topo-branco-1.png 512w, https:\/\/www.anaoliveira.pt\/wp-content\/uploads\/2021\/03\/icon-topo-branco-1-251x300.png 251w\" sizes=\"auto, (max-width: 512px) 100vw, 512px\" \/>\t\t\t\t\t\t\n\t\t\t\t\t<\/div>\n\t\t\t\t\t\t\t\t\n<style>\n#image_2053498275 {\n  width: 40%;\n}\n@media (min-width:550px) {\n  #image_2053498275 {\n    width: 20%;\n  }\n}\n<\/style>\n\t<\/div>\n\t\n\n\t<div id=\"gap-924832471\" class=\"gap-element clearfix\" style=\"display:block; height:auto;\">\n\t\t\n<style>\n#gap-924832471 {\n  padding-top: 30px;\n}\n<\/style>\n\t<\/div>\n\t\n\n<h1>Press<\/h1>\n\n              <\/div>\n           <\/div>\n                            \n<style>\n#text-box-1476151073 {\n  width: 60%;\n}\n#text-box-1476151073 .text-box-content {\n  font-size: 100%;\n}\n<\/style>\n    <\/div>\n \n\n        <\/div>\n      <\/div>\n\n            \n<style>\n#banner-143864898 {\n  padding-top: 600px;\n}\n#banner-143864898 .bg.bg-loaded {\n  background-image: url(https:\/\/www.anaoliveira.pt\/wp-content\/uploads\/2021\/03\/ostara-wallcoverings-06.jpg);\n}\n#banner-143864898 .overlay {\n  background-color: rgba(0, 0, 0, 0.5);\n}\n#banner-143864898 .bg {\n  background-position: 36% 51%;\n}\n<\/style>\n  <\/div>\n\n\n\n\t\t<\/div>\n\n\t\t\n<style>\n#section_1698890847 {\n  padding-top: 0px;\n  padding-bottom: 0px;\n  min-height: 400px;\n}\n@media (min-width:550px) {\n  #section_1698890847 {\n    min-height: 600px;\n  }\n}\n<\/style>\n\t<\/section>\n\t\n\t<section class=\"section\" id=\"section_175155764\">\n\t\t<div class=\"bg section-bg fill bg-fill  bg-loaded\" >\n\n\t\t\t\n\t\t\t\n\t\t\t\n\t<div class=\"is-border\"\n\t\tstyle=\"border-color:rgb(235, 235, 235);border-width:1px 0px 0px 0px;\">\n\t<\/div>\n\n\t\t<\/div>\n\n\t\t<div class=\"section-content relative\">\n\t\t\t\n\n<div class=\"row\"  id=\"row-1507088098\">\n\n\n\t<div id=\"col-1469716886\" class=\"col small-12 large-12\"  >\n\t\t<div class=\"col-inner\"  >\n\t\t\t\n\t\t\t\n\n<ul>\n<li><a href=\"https:\/\/www.youtube.com\/watch?v=S_Zyc735iWg&amp;t=199s\"><span style=\"color: #134f5c;\">Participa\u00e7\u00e3o no Programa &#8220;Conversa de Mulheres&#8221; do Canal Televisivo Kuriakos.Artigo:| Ana Oliveira | Interior Designer &amp; Home Stager &#8211; YouTube<\/span><\/a><\/li>\n<li><a href=\"https:\/\/www.noticiasmagazine.pt\/2021\/decoracao-que-leva-a-natureza-para-dentro-de-portas\/estilos\/259720\/\"><span style=\"color: #134f5c;\">A Convite da Revista Not\u00edcias Magazine, neste artigo falamos um pouco sobre como levar a Natureza portas adentro, atrav\u00e9s da Decora\u00e7\u00e3o. Artigo: Decora\u00e7\u00e3o que leva a Natureza para dentro de portas.(noticiasmagazine.pt)<\/span><\/a><\/li>\n<li><a href=\"https:\/\/www.anaoliveira.pt\/wp-content\/uploads\/2021\/05\/86408158_3049440628420916_5952232241647058944_n.mp4\">Durante cerca de 2 anos, o Atelier Ana Oliveira participou no Projeto de Interiores do Hotel &#8220;Solar Alvura&#8221;, da nossa querida Dra Eva Orsmond.<\/a><a href=\"https:\/\/www.anaoliveira.pt\/wp-content\/uploads\/2021\/05\/86408158_3049440628420916_5952232241647058944_n.mp4\">O Canal televisivo RT\u00c9, criou o Reality Show que acompanhou todo o processo. Trata-se de um programa divertido, que apresenta todo o caminho que envolveu a remodela\u00e7\u00e3o do Hotel.Artigo: Programa da Eva &#8211; Participa\u00e7\u00e3o (VIDEO)<\/a><\/li>\n<\/ul>\n\t<div id=\"gap-77968268\" class=\"gap-element clearfix\" style=\"display:block; height:auto;\">\n\t\t\n<style>\n#gap-77968268 {\n  padding-top: 30px;\n}\n<\/style>\n\t<\/div>\n\t\n\n\n\t\t<\/div>\n\t\t\t<\/div>\n\n\t\n\n<\/div>\n\n\t\t<\/div>\n\n\t\t\n<style>\n#section_175155764 {\n  padding-top: 59px;\n  padding-bottom: 59px;\n  min-height: 300px;\n  background-color: rgba(215, 180, 106, 0.1);\n}\n<\/style>\n\t<\/section>","protected":false},"excerpt":{"rendered":"","protected":false},"author":2,"featured_media":0,"parent":0,"menu_order":0,"comment_status":"closed","ping_status":"closed","template":"page-blank.php","meta":{"inline_featured_image":false,"footnotes":""},"class_list":["post-4435","page","type-page","status-publish","hentry"],"_links":{"self":[{"href":"https:\/\/www.anaoliveira.pt\/en\/wp-json\/wp\/v2\/pages\/4435","targetHints":{"allow":["GET"]}}],"collection":[{"href":"https:\/\/www.anaoliveira.pt\/en\/wp-json\/wp\/v2\/pages"}],"about":[{"href":"https:\/\/www.anaoliveira.pt\/en\/wp-json\/wp\/v2\/types\/page"}],"author":[{"embeddable":true,"href":"https:\/\/www.anaoliveira.pt\/en\/wp-json\/wp\/v2\/users\/2"}],"replies":[{"embeddable":true,"href":"https:\/\/www.anaoliveira.pt\/en\/wp-json\/wp\/v2\/comments?post=4435"}],"version-history":[{"count":10,"href":"https:\/\/www.anaoliveira.pt\/en\/wp-json\/wp\/v2\/pages\/4435\/revisions"}],"predecessor-version":[{"id":4669,"href":"https:\/\/www.anaoliveira.pt\/en\/wp-json\/wp\/v2\/pages\/4435\/revisions\/4669"}],"wp:attachment":[{"href":"https:\/\/www.anaoliveira.pt\/en\/wp-json\/wp\/v2\/media?parent=4435"}],"curies":[{"name":"wp","href":"https:\/\/api.w.org\/{rel}","templated":true}]}}