{"id":3321,"date":"2021-03-11T15:55:36","date_gmt":"2021-03-11T15:55:36","guid":{"rendered":"https:\/\/www.anaoliveira.pt\/?post_type=product&#038;p=3321"},"modified":"2021-04-17T16:30:52","modified_gmt":"2021-04-17T15:30:52","slug":"tamborete-ceramico-branco","status":"publish","type":"product","link":"https:\/\/www.anaoliveira.pt\/en\/product\/tamborete-ceramico-branco\/","title":{"rendered":"Tamborete cer\u00e2mico Branco"},"content":{"rendered":"<p>Produto sujeito a encomenda ao fornecedor.<\/p>\n<p>Prazo estimado de entrega 3-5 semanas<\/p>\n<p>NOTA: A imagem pode apresentar varia\u00e7\u00e3o de cor e tamanho em rela\u00e7\u00e3o ao artigo original.<\/p>","protected":false},"excerpt":{"rendered":"<p>Super tend\u00eancia os Tamboretes acrescentam valor a qualquer divis\u00e3o!<br \/>\nPode usar como mesa de apoio ou at\u00e9 como banco, sem grandes pesos em cima n\u00e3o esquecendo que \u00e9 cer\u00e2mico.<br \/>\nTamborete em cer\u00e2mica de tom branco<br \/>\nMedidas C33 X L33 x A41<\/p>\n<p>Prazo de entrega estimado 3-5 semanas<\/p>","protected":false},"featured_media":3419,"comment_status":"closed","ping_status":"closed","template":"","meta":{"inline_featured_image":false},"product_cat":[68,69],"product_tag":[],"class_list":{"0":"post-3321","1":"product","2":"type-product","3":"status-publish","4":"has-post-thumbnail","6":"product_cat-pecas-decorativas","7":"product_cat-tamboretes","9":"first","10":"instock","11":"taxable","12":"shipping-taxable","13":"purchasable","14":"product-type-simple"},"_links":{"self":[{"href":"https:\/\/www.anaoliveira.pt\/en\/wp-json\/wp\/v2\/product\/3321","targetHints":{"allow":["GET"]}}],"collection":[{"href":"https:\/\/www.anaoliveira.pt\/en\/wp-json\/wp\/v2\/product"}],"about":[{"href":"https:\/\/www.anaoliveira.pt\/en\/wp-json\/wp\/v2\/types\/product"}],"replies":[{"embeddable":true,"href":"https:\/\/www.anaoliveira.pt\/en\/wp-json\/wp\/v2\/comments?post=3321"}],"wp:featuredmedia":[{"embeddable":true,"href":"https:\/\/www.anaoliveira.pt\/en\/wp-json\/wp\/v2\/media\/3419"}],"wp:attachment":[{"href":"https:\/\/www.anaoliveira.pt\/en\/wp-json\/wp\/v2\/media?parent=3321"}],"wp:term":[{"taxonomy":"product_cat","embeddable":true,"href":"https:\/\/www.anaoliveira.pt\/en\/wp-json\/wp\/v2\/product_cat?post=3321"},{"taxonomy":"product_tag","embeddable":true,"href":"https:\/\/www.anaoliveira.pt\/en\/wp-json\/wp\/v2\/product_tag?post=3321"}],"curies":[{"name":"wp","href":"https:\/\/api.w.org\/{rel}","templated":true}]}}