{"id":3359,"date":"2021-03-11T15:59:31","date_gmt":"2021-03-11T15:59:31","guid":{"rendered":"https:\/\/www.anaoliveira.pt\/?post_type=product&#038;p=3359"},"modified":"2021-04-17T16:28:05","modified_gmt":"2021-04-17T15:28:05","slug":"mesa-madeira-natural","status":"publish","type":"product","link":"https:\/\/www.anaoliveira.pt\/en\/product\/mesa-madeira-natural\/","title":{"rendered":"Mesa Madeira Natural"},"content":{"rendered":"<p>Produto sujeito a encomenda ao fornecedor.<\/p>\n<p>Prazo estimado de entrega 3-5 semanas<\/p>\n<p>NOTA: A imagem pode apresentar varia\u00e7\u00e3o de cor e tamanho em rela\u00e7\u00e3o ao artigo original.<\/p>","protected":false},"excerpt":{"rendered":"<p>Mesa de apoio em madeira natural de Teka, cada pe\u00e7a \u00e9 diferente e \u00fanica dependendo do corte da madeira<br \/>\n(foto indicativa, pode variara um pouco a forma)<br \/>\nP\u00e9s em ferro preto<br \/>\nMedidas L80 x C80 x A76<\/p>\n<p>Prazo de entrega estimado 3-5 semanas<\/p>","protected":false},"featured_media":3439,"comment_status":"closed","ping_status":"closed","template":"","meta":{"inline_featured_image":false},"product_cat":[62,60],"product_tag":[],"class_list":{"0":"post-3359","1":"product","2":"type-product","3":"status-publish","4":"has-post-thumbnail","6":"product_cat-mesas-de-apoio","7":"product_cat-mobiliario-2","9":"first","10":"instock","11":"taxable","12":"shipping-taxable","13":"purchasable","14":"product-type-simple"},"_links":{"self":[{"href":"https:\/\/www.anaoliveira.pt\/en\/wp-json\/wp\/v2\/product\/3359","targetHints":{"allow":["GET"]}}],"collection":[{"href":"https:\/\/www.anaoliveira.pt\/en\/wp-json\/wp\/v2\/product"}],"about":[{"href":"https:\/\/www.anaoliveira.pt\/en\/wp-json\/wp\/v2\/types\/product"}],"replies":[{"embeddable":true,"href":"https:\/\/www.anaoliveira.pt\/en\/wp-json\/wp\/v2\/comments?post=3359"}],"wp:featuredmedia":[{"embeddable":true,"href":"https:\/\/www.anaoliveira.pt\/en\/wp-json\/wp\/v2\/media\/3439"}],"wp:attachment":[{"href":"https:\/\/www.anaoliveira.pt\/en\/wp-json\/wp\/v2\/media?parent=3359"}],"wp:term":[{"taxonomy":"product_cat","embeddable":true,"href":"https:\/\/www.anaoliveira.pt\/en\/wp-json\/wp\/v2\/product_cat?post=3359"},{"taxonomy":"product_tag","embeddable":true,"href":"https:\/\/www.anaoliveira.pt\/en\/wp-json\/wp\/v2\/product_tag?post=3359"}],"curies":[{"name":"wp","href":"https:\/\/api.w.org\/{rel}","templated":true}]}}