{"id":3366,"date":"2021-03-11T16:00:13","date_gmt":"2021-03-11T16:00:13","guid":{"rendered":"https:\/\/www.anaoliveira.pt\/?post_type=product&#038;p=3366"},"modified":"2021-04-17T16:27:11","modified_gmt":"2021-04-17T15:27:11","slug":"conjunto-2-mesas-trelis","status":"publish","type":"product","link":"https:\/\/www.anaoliveira.pt\/en\/product\/conjunto-2-mesas-trelis\/","title":{"rendered":"Conjunto 2 mesas trelis"},"content":{"rendered":"<p>Produto sujeito a encomenda ao fornecedor.<\/p>\n<p>Prazo estimado de entrega 3-5 semanas<\/p>\n<p>NOTA: A imagem pode apresentar varia\u00e7\u00e3o de cor e tamanho em rela\u00e7\u00e3o ao artigo original.<\/p>","protected":false},"excerpt":{"rendered":"<p>Pr\u00e1ticas, elegantes e originais, este conjunto de mesas de apoio combinar\u00e3o na perfei\u00e7\u00e3o no seu espa\u00e7o!<br \/>\nMedidas L43,18 x C43,18 x A55,88<br \/>\nMaterial metal e m\u00e1rmore<\/p>\n<p>Prazo de entrega estimado 3-5 semanas<\/p>","protected":false},"featured_media":3462,"comment_status":"closed","ping_status":"closed","template":"","meta":{"inline_featured_image":false},"product_cat":[62,60],"product_tag":[],"class_list":{"0":"post-3366","1":"product","2":"type-product","3":"status-publish","4":"has-post-thumbnail","6":"product_cat-mesas-de-apoio","7":"product_cat-mobiliario-2","9":"first","10":"instock","11":"taxable","12":"shipping-taxable","13":"purchasable","14":"product-type-simple"},"_links":{"self":[{"href":"https:\/\/www.anaoliveira.pt\/en\/wp-json\/wp\/v2\/product\/3366","targetHints":{"allow":["GET"]}}],"collection":[{"href":"https:\/\/www.anaoliveira.pt\/en\/wp-json\/wp\/v2\/product"}],"about":[{"href":"https:\/\/www.anaoliveira.pt\/en\/wp-json\/wp\/v2\/types\/product"}],"replies":[{"embeddable":true,"href":"https:\/\/www.anaoliveira.pt\/en\/wp-json\/wp\/v2\/comments?post=3366"}],"wp:featuredmedia":[{"embeddable":true,"href":"https:\/\/www.anaoliveira.pt\/en\/wp-json\/wp\/v2\/media\/3462"}],"wp:attachment":[{"href":"https:\/\/www.anaoliveira.pt\/en\/wp-json\/wp\/v2\/media?parent=3366"}],"wp:term":[{"taxonomy":"product_cat","embeddable":true,"href":"https:\/\/www.anaoliveira.pt\/en\/wp-json\/wp\/v2\/product_cat?post=3366"},{"taxonomy":"product_tag","embeddable":true,"href":"https:\/\/www.anaoliveira.pt\/en\/wp-json\/wp\/v2\/product_tag?post=3366"}],"curies":[{"name":"wp","href":"https:\/\/api.w.org\/{rel}","templated":true}]}}