{"id":3428,"date":"2021-03-11T16:06:32","date_gmt":"2021-03-11T16:06:32","guid":{"rendered":"https:\/\/www.anaoliveira.pt\/?post_type=product&#038;p=3428"},"modified":"2021-04-17T16:19:41","modified_gmt":"2021-04-17T15:19:41","slug":"papel-de-parede-pink-city","status":"publish","type":"product","link":"https:\/\/www.anaoliveira.pt\/en\/product\/papel-de-parede-pink-city\/","title":{"rendered":"Papel de Parede Pink City"},"content":{"rendered":"<p>Imagem do produto pode apresentar varia\u00e7\u00e3o de cor e de tamanho<\/p>\n<p>Sujeito a encomenda ao fornecedor<\/p>\n<p>Prazo de entrega estimado 3 a 5 semanas<\/p>","protected":false},"excerpt":{"rendered":"<p>Inspirado na India, este magnifico Papel de Parede Pink City est\u00e1 cheio de detalhes.<br \/>\nPr\u00e9dios peculiares, linhas onduladas, c\u00fapulas decorativas. O m\u00e1ximo para animar as paredes de qualquer quarto.<\/p>\n<p>Medida do rolo 10,05m<br \/>\nLargura 52cm<br \/>\nRepeat 53cm<\/p>\n<p>Vila Nova Cole\u00e7\u00e3o Christopher Corr<\/p>\n<p>Prazo de entrega estimado 3 a 5 semanas<\/p>","protected":false},"featured_media":3554,"comment_status":"closed","ping_status":"closed","template":"","meta":{"inline_featured_image":false},"product_cat":[52,80],"product_tag":[],"class_list":{"0":"post-3428","1":"product","2":"type-product","3":"status-publish","4":"has-post-thumbnail","6":"product_cat-crianca","7":"product_cat-papel-de-parede","9":"first","10":"instock","11":"taxable","12":"shipping-taxable","13":"purchasable","14":"product-type-simple"},"_links":{"self":[{"href":"https:\/\/www.anaoliveira.pt\/en\/wp-json\/wp\/v2\/product\/3428","targetHints":{"allow":["GET"]}}],"collection":[{"href":"https:\/\/www.anaoliveira.pt\/en\/wp-json\/wp\/v2\/product"}],"about":[{"href":"https:\/\/www.anaoliveira.pt\/en\/wp-json\/wp\/v2\/types\/product"}],"replies":[{"embeddable":true,"href":"https:\/\/www.anaoliveira.pt\/en\/wp-json\/wp\/v2\/comments?post=3428"}],"wp:featuredmedia":[{"embeddable":true,"href":"https:\/\/www.anaoliveira.pt\/en\/wp-json\/wp\/v2\/media\/3554"}],"wp:attachment":[{"href":"https:\/\/www.anaoliveira.pt\/en\/wp-json\/wp\/v2\/media?parent=3428"}],"wp:term":[{"taxonomy":"product_cat","embeddable":true,"href":"https:\/\/www.anaoliveira.pt\/en\/wp-json\/wp\/v2\/product_cat?post=3428"},{"taxonomy":"product_tag","embeddable":true,"href":"https:\/\/www.anaoliveira.pt\/en\/wp-json\/wp\/v2\/product_tag?post=3428"}],"curies":[{"name":"wp","href":"https:\/\/api.w.org\/{rel}","templated":true}]}}