{"id":3437,"date":"2021-03-11T16:07:18","date_gmt":"2021-03-11T16:07:18","guid":{"rendered":"https:\/\/www.anaoliveira.pt\/?post_type=product&#038;p=3437"},"modified":"2021-04-17T16:17:09","modified_gmt":"2021-04-17T15:17:09","slug":"tapete-artic-bear","status":"publish","type":"product","link":"https:\/\/www.anaoliveira.pt\/en\/product\/tapete-artic-bear\/","title":{"rendered":"Tapete Artic Bear"},"content":{"rendered":"<p>Produto sujeito a encomenda ao fornecedor.<\/p>\n<p>Prazo estimado de entrega 3-5 semanas<\/p>\n<p>NOTA: A imagem pode apresentar varia\u00e7\u00e3o de cor e tamanho em rela\u00e7\u00e3o ao artigo original.<\/p>","protected":false},"excerpt":{"rendered":"<p>Este Urso polar \u00e9 paix\u00e3o \u00e0 primeira vista!<br \/>\n\u00c9 feito \u00e0 m\u00e3o com algod\u00e3o e fios de viscose para dar um toque extra macio!<br \/>\nDispon\u00edvel em 2 tamanhos.<\/p>\n<p>Material 65% l\u00e3; 35% viscose<br \/>\nBacking 100% cotton canvas<\/p>\n<p>Dispon\u00edvel em dois tamanhos<\/p>\n<p>Small 105&#215;150 e M\u00e9dio 140&#215;200<\/p>\n<p>Cole\u00e7\u00e3o Frann Preston-Gannon Vila Nova<\/p>\n<p>Prazo de entrega 3- semanas<\/p>","protected":false},"featured_media":3572,"comment_status":"closed","ping_status":"closed","template":"","meta":{"inline_featured_image":false},"product_cat":[52,82],"product_tag":[],"class_list":{"0":"post-3437","1":"product","2":"type-product","3":"status-publish","4":"has-post-thumbnail","6":"product_cat-crianca","7":"product_cat-tapetes","9":"first","10":"instock","11":"taxable","12":"shipping-taxable","13":"purchasable","14":"product-type-variable"},"_links":{"self":[{"href":"https:\/\/www.anaoliveira.pt\/en\/wp-json\/wp\/v2\/product\/3437","targetHints":{"allow":["GET"]}}],"collection":[{"href":"https:\/\/www.anaoliveira.pt\/en\/wp-json\/wp\/v2\/product"}],"about":[{"href":"https:\/\/www.anaoliveira.pt\/en\/wp-json\/wp\/v2\/types\/product"}],"replies":[{"embeddable":true,"href":"https:\/\/www.anaoliveira.pt\/en\/wp-json\/wp\/v2\/comments?post=3437"}],"wp:featuredmedia":[{"embeddable":true,"href":"https:\/\/www.anaoliveira.pt\/en\/wp-json\/wp\/v2\/media\/3572"}],"wp:attachment":[{"href":"https:\/\/www.anaoliveira.pt\/en\/wp-json\/wp\/v2\/media?parent=3437"}],"wp:term":[{"taxonomy":"product_cat","embeddable":true,"href":"https:\/\/www.anaoliveira.pt\/en\/wp-json\/wp\/v2\/product_cat?post=3437"},{"taxonomy":"product_tag","embeddable":true,"href":"https:\/\/www.anaoliveira.pt\/en\/wp-json\/wp\/v2\/product_tag?post=3437"}],"curies":[{"name":"wp","href":"https:\/\/api.w.org\/{rel}","templated":true}]}}