{"id":3446,"date":"2021-03-11T16:07:59","date_gmt":"2021-03-11T16:07:59","guid":{"rendered":"https:\/\/www.anaoliveira.pt\/?post_type=product&#038;p=3446"},"modified":"2021-04-17T16:16:34","modified_gmt":"2021-04-17T15:16:34","slug":"tapete-sundance","status":"publish","type":"product","link":"https:\/\/www.anaoliveira.pt\/en\/product\/tapete-sundance\/","title":{"rendered":"Tapete SunDance"},"content":{"rendered":"<p>Produto sujeito a encomenda ao fornecedor.<\/p>\n<p>Prazo de entrega estimado 3-5 semanas<\/p>\n<p>NOTA: A imagem pode apresentar varia\u00e7\u00e3o de cor e tamanho em rela\u00e7\u00e3o ao artigo original.<\/p>","protected":false},"excerpt":{"rendered":"<p>Alegra qualquer sala, este magnifico tapete sol feito \u00e1 m\u00e3o em l\u00e3.<br \/>\nO ideal para o seu espa\u00e7o!<\/p>\n<p>Material 100% l\u00e3<br \/>\nBacking 100% cotton canvas<\/p>\n<p>Medida 140x140Cole\u00e7\u00e3o Christopher Corr Vila Nova<\/p>\n<p>Prazo de entrega estimado 3-5 semanas<\/p>","protected":false},"featured_media":3574,"comment_status":"closed","ping_status":"closed","template":"","meta":{"inline_featured_image":false},"product_cat":[52,82],"product_tag":[],"class_list":{"0":"post-3446","1":"product","2":"type-product","3":"status-publish","4":"has-post-thumbnail","6":"product_cat-crianca","7":"product_cat-tapetes","9":"first","10":"instock","11":"taxable","12":"shipping-taxable","13":"purchasable","14":"product-type-simple"},"_links":{"self":[{"href":"https:\/\/www.anaoliveira.pt\/en\/wp-json\/wp\/v2\/product\/3446","targetHints":{"allow":["GET"]}}],"collection":[{"href":"https:\/\/www.anaoliveira.pt\/en\/wp-json\/wp\/v2\/product"}],"about":[{"href":"https:\/\/www.anaoliveira.pt\/en\/wp-json\/wp\/v2\/types\/product"}],"replies":[{"embeddable":true,"href":"https:\/\/www.anaoliveira.pt\/en\/wp-json\/wp\/v2\/comments?post=3446"}],"wp:featuredmedia":[{"embeddable":true,"href":"https:\/\/www.anaoliveira.pt\/en\/wp-json\/wp\/v2\/media\/3574"}],"wp:attachment":[{"href":"https:\/\/www.anaoliveira.pt\/en\/wp-json\/wp\/v2\/media?parent=3446"}],"wp:term":[{"taxonomy":"product_cat","embeddable":true,"href":"https:\/\/www.anaoliveira.pt\/en\/wp-json\/wp\/v2\/product_cat?post=3446"},{"taxonomy":"product_tag","embeddable":true,"href":"https:\/\/www.anaoliveira.pt\/en\/wp-json\/wp\/v2\/product_tag?post=3446"}],"curies":[{"name":"wp","href":"https:\/\/api.w.org\/{rel}","templated":true}]}}