{"id":3716,"date":"2021-03-24T16:14:51","date_gmt":"2021-03-24T16:14:51","guid":{"rendered":"https:\/\/www.anaoliveira.pt\/?post_type=product&#038;p=3716"},"modified":"2021-04-17T16:15:51","modified_gmt":"2021-04-17T15:15:51","slug":"sundance-wall-stickers","status":"publish","type":"product","link":"https:\/\/www.anaoliveira.pt\/en\/product\/sundance-wall-stickers\/","title":{"rendered":"Sundance Wall Stickers"},"content":{"rendered":"<p>Imagem do produto pode apresentar varia\u00e7\u00e3o de cor e de tamanho<\/p>\n<p>Sujeito a encomenda ao fornecedor<\/p>\n<p>Prazo de entrega estimado 3 a 5 semanas<\/p>","protected":false},"excerpt":{"rendered":"<div id=\"KnM9nf\">\n<div>\n<pre id=\"tw-target-text\" class=\"tw-data-text tw-text-large XcVN5d tw-ta\" dir=\"ltr\" data-placeholder=\"Tradu\u00e7\u00e3o\"><span lang=\"pt\">Vamos dar asas \u00e0 imagina\u00e7\u00e3o com estes fant\u00e1sticos animais coloridos e vibrantes.\r\n\r\n<\/span><\/pre>\n<\/div>\n<div>100cm x 68,5cm<\/div>\n<div>55 autocolantes<\/div>\n<div>Lav\u00e1vel com pano<\/div>\n<\/div>\n<div><\/div>\n<div>Prazo de entrega estimado 3 a 5 semanas<\/div>\n<div><\/div>","protected":false},"featured_media":3719,"comment_status":"closed","ping_status":"closed","template":"","meta":{"inline_featured_image":false},"product_cat":[52,80],"product_tag":[],"class_list":{"0":"post-3716","1":"product","2":"type-product","3":"status-publish","4":"has-post-thumbnail","6":"product_cat-crianca","7":"product_cat-papel-de-parede","9":"first","10":"instock","11":"taxable","12":"shipping-taxable","13":"purchasable","14":"product-type-simple"},"_links":{"self":[{"href":"https:\/\/www.anaoliveira.pt\/en\/wp-json\/wp\/v2\/product\/3716","targetHints":{"allow":["GET"]}}],"collection":[{"href":"https:\/\/www.anaoliveira.pt\/en\/wp-json\/wp\/v2\/product"}],"about":[{"href":"https:\/\/www.anaoliveira.pt\/en\/wp-json\/wp\/v2\/types\/product"}],"replies":[{"embeddable":true,"href":"https:\/\/www.anaoliveira.pt\/en\/wp-json\/wp\/v2\/comments?post=3716"}],"wp:featuredmedia":[{"embeddable":true,"href":"https:\/\/www.anaoliveira.pt\/en\/wp-json\/wp\/v2\/media\/3719"}],"wp:attachment":[{"href":"https:\/\/www.anaoliveira.pt\/en\/wp-json\/wp\/v2\/media?parent=3716"}],"wp:term":[{"taxonomy":"product_cat","embeddable":true,"href":"https:\/\/www.anaoliveira.pt\/en\/wp-json\/wp\/v2\/product_cat?post=3716"},{"taxonomy":"product_tag","embeddable":true,"href":"https:\/\/www.anaoliveira.pt\/en\/wp-json\/wp\/v2\/product_tag?post=3716"}],"curies":[{"name":"wp","href":"https:\/\/api.w.org\/{rel}","templated":true}]}}