{"id":3729,"date":"2021-03-24T17:25:52","date_gmt":"2021-03-24T17:25:52","guid":{"rendered":"https:\/\/www.anaoliveira.pt\/?post_type=product&#038;p=3729"},"modified":"2021-04-17T16:14:29","modified_gmt":"2021-04-17T15:14:29","slug":"jungle-jumble-wall-stickers","status":"publish","type":"product","link":"https:\/\/www.anaoliveira.pt\/en\/product\/jungle-jumble-wall-stickers\/","title":{"rendered":"Jungle Jumble Wall Stickers"},"content":{"rendered":"<p>Imagem do produto pode apresentar varia\u00e7\u00e3o de cor e de tamanho<\/p>\n<p>Sujeito a encomenda ao fornecedor<\/p>\n<p>Prazo de entrega estimado 3 a 5 semanas<\/p>","protected":false},"excerpt":{"rendered":"<p>Vamos projetar o nosso pr\u00f3prio habitat da selva com estas folhas grandes e flores inspiradoras! E os personagens amaz\u00f4nicos escondidos nas folhagens v\u00e3o fazer as del\u00edcias dos mais pequeninos, e dar vida \u00e1 sua divis\u00e3o!<\/p>\n<p>Lav\u00e1vel com pano<\/p>\n<p>100cm x 68,50cm<\/p>\n<p>49 autocolantes<\/p>\n<p>Prazo de entrega estimado 3 a 5 semanas<\/p>","protected":false},"featured_media":3732,"comment_status":"closed","ping_status":"closed","template":"","meta":{"inline_featured_image":false},"product_cat":[52,80],"product_tag":[],"class_list":{"0":"post-3729","1":"product","2":"type-product","3":"status-publish","4":"has-post-thumbnail","6":"product_cat-crianca","7":"product_cat-papel-de-parede","9":"first","10":"instock","11":"taxable","12":"shipping-taxable","13":"purchasable","14":"product-type-simple"},"_links":{"self":[{"href":"https:\/\/www.anaoliveira.pt\/en\/wp-json\/wp\/v2\/product\/3729","targetHints":{"allow":["GET"]}}],"collection":[{"href":"https:\/\/www.anaoliveira.pt\/en\/wp-json\/wp\/v2\/product"}],"about":[{"href":"https:\/\/www.anaoliveira.pt\/en\/wp-json\/wp\/v2\/types\/product"}],"replies":[{"embeddable":true,"href":"https:\/\/www.anaoliveira.pt\/en\/wp-json\/wp\/v2\/comments?post=3729"}],"wp:featuredmedia":[{"embeddable":true,"href":"https:\/\/www.anaoliveira.pt\/en\/wp-json\/wp\/v2\/media\/3732"}],"wp:attachment":[{"href":"https:\/\/www.anaoliveira.pt\/en\/wp-json\/wp\/v2\/media?parent=3729"}],"wp:term":[{"taxonomy":"product_cat","embeddable":true,"href":"https:\/\/www.anaoliveira.pt\/en\/wp-json\/wp\/v2\/product_cat?post=3729"},{"taxonomy":"product_tag","embeddable":true,"href":"https:\/\/www.anaoliveira.pt\/en\/wp-json\/wp\/v2\/product_tag?post=3729"}],"curies":[{"name":"wp","href":"https:\/\/api.w.org\/{rel}","templated":true}]}}