{"id":3936,"date":"2021-04-11T15:42:15","date_gmt":"2021-04-11T14:42:15","guid":{"rendered":"https:\/\/www.anaoliveira.pt\/?post_type=product&#038;p=3936"},"modified":"2021-04-17T15:52:42","modified_gmt":"2021-04-17T14:52:42","slug":"almofada-lulea-pepper","status":"publish","type":"product","link":"https:\/\/www.anaoliveira.pt\/en\/product\/almofada-lulea-pepper\/","title":{"rendered":"Almofada Lulea Pepper"},"content":{"rendered":"<p>Produto sujeito a encomenda ao fornecedor.<\/p>\n<p>Prazo de entrega estimado 2-4 semanas<\/p>\n<p>NOTA: A imagem pode apresentar varia\u00e7\u00e3o de cor e de tamanho em rela\u00e7\u00e3o ao artigo original<\/p>","protected":false},"excerpt":{"rendered":"<p>Almofada Lulea Vila Nova<\/p>\n<p>Medida: 50&#215;30<\/p>\n<p>Material: algod\u00e3o<\/p>\n<p>Frente: dois tons\/ Costas: um tom<\/p>\n<p>Enchimento inclu\u00eddo de penas<\/p>\n<p>Prazo de entrega estimado 2-4 semanas<\/p>","protected":false},"featured_media":3945,"comment_status":"closed","ping_status":"closed","template":"","meta":{"inline_featured_image":false},"product_cat":[103,102],"product_tag":[],"class_list":{"0":"post-3936","1":"product","2":"type-product","3":"status-publish","4":"has-post-thumbnail","6":"product_cat-almofadas","7":"product_cat-texteis","9":"first","10":"instock","11":"taxable","12":"shipping-taxable","13":"purchasable","14":"product-type-simple"},"_links":{"self":[{"href":"https:\/\/www.anaoliveira.pt\/en\/wp-json\/wp\/v2\/product\/3936","targetHints":{"allow":["GET"]}}],"collection":[{"href":"https:\/\/www.anaoliveira.pt\/en\/wp-json\/wp\/v2\/product"}],"about":[{"href":"https:\/\/www.anaoliveira.pt\/en\/wp-json\/wp\/v2\/types\/product"}],"replies":[{"embeddable":true,"href":"https:\/\/www.anaoliveira.pt\/en\/wp-json\/wp\/v2\/comments?post=3936"}],"wp:featuredmedia":[{"embeddable":true,"href":"https:\/\/www.anaoliveira.pt\/en\/wp-json\/wp\/v2\/media\/3945"}],"wp:attachment":[{"href":"https:\/\/www.anaoliveira.pt\/en\/wp-json\/wp\/v2\/media?parent=3936"}],"wp:term":[{"taxonomy":"product_cat","embeddable":true,"href":"https:\/\/www.anaoliveira.pt\/en\/wp-json\/wp\/v2\/product_cat?post=3936"},{"taxonomy":"product_tag","embeddable":true,"href":"https:\/\/www.anaoliveira.pt\/en\/wp-json\/wp\/v2\/product_tag?post=3936"}],"curies":[{"name":"wp","href":"https:\/\/api.w.org\/{rel}","templated":true}]}}