{"id":3965,"date":"2021-04-11T16:08:22","date_gmt":"2021-04-11T15:08:22","guid":{"rendered":"https:\/\/www.anaoliveira.pt\/?post_type=product&#038;p=3965"},"modified":"2021-04-17T15:53:33","modified_gmt":"2021-04-17T14:53:33","slug":"almofada-merrilli-marjoram","status":"publish","type":"product","link":"https:\/\/www.anaoliveira.pt\/en\/product\/almofada-merrilli-marjoram\/","title":{"rendered":"Almofada Maranta Eden"},"content":{"rendered":"<p>Produto sujeito a encomenda ao fornecedor.<\/p>\n<p>Prazo de entrega estimado 2-4 semanas<\/p>\n<p>NOTA: A imagem pode apresentar varia\u00e7\u00e3o de cor e de tamanho em rela\u00e7\u00e3o ao artigo original<\/p>","protected":false},"excerpt":{"rendered":"<p>Almofada Merrilli Vila Nova<\/p>\n<p>Medida: 50&#215;50<\/p>\n<p>Material: aveludado\/veludo<\/p>\n<p>Frente: Padr\u00e3o\u00a0 \u00a0Costas: Liso Azul<\/p>\n<p>Enchimento inclu\u00eddo de penas<\/p>\n<p>Prazo de entrega estimado 2-4 semanas<\/p>","protected":false},"featured_media":3967,"comment_status":"closed","ping_status":"closed","template":"","meta":{"inline_featured_image":false},"product_cat":[103,102],"product_tag":[],"class_list":{"0":"post-3965","1":"product","2":"type-product","3":"status-publish","4":"has-post-thumbnail","6":"product_cat-almofadas","7":"product_cat-texteis","9":"first","10":"instock","11":"taxable","12":"shipping-taxable","13":"purchasable","14":"product-type-simple"},"_links":{"self":[{"href":"https:\/\/www.anaoliveira.pt\/en\/wp-json\/wp\/v2\/product\/3965","targetHints":{"allow":["GET"]}}],"collection":[{"href":"https:\/\/www.anaoliveira.pt\/en\/wp-json\/wp\/v2\/product"}],"about":[{"href":"https:\/\/www.anaoliveira.pt\/en\/wp-json\/wp\/v2\/types\/product"}],"replies":[{"embeddable":true,"href":"https:\/\/www.anaoliveira.pt\/en\/wp-json\/wp\/v2\/comments?post=3965"}],"wp:featuredmedia":[{"embeddable":true,"href":"https:\/\/www.anaoliveira.pt\/en\/wp-json\/wp\/v2\/media\/3967"}],"wp:attachment":[{"href":"https:\/\/www.anaoliveira.pt\/en\/wp-json\/wp\/v2\/media?parent=3965"}],"wp:term":[{"taxonomy":"product_cat","embeddable":true,"href":"https:\/\/www.anaoliveira.pt\/en\/wp-json\/wp\/v2\/product_cat?post=3965"},{"taxonomy":"product_tag","embeddable":true,"href":"https:\/\/www.anaoliveira.pt\/en\/wp-json\/wp\/v2\/product_tag?post=3965"}],"curies":[{"name":"wp","href":"https:\/\/api.w.org\/{rel}","templated":true}]}}