{"id":3978,"date":"2021-04-11T16:29:02","date_gmt":"2021-04-11T15:29:02","guid":{"rendered":"https:\/\/www.anaoliveira.pt\/?post_type=product&#038;p=3978"},"modified":"2021-04-17T15:49:26","modified_gmt":"2021-04-17T14:49:26","slug":"papel-de-parede-yugen-aqua","status":"publish","type":"product","link":"https:\/\/www.anaoliveira.pt\/en\/product\/papel-de-parede-yugen-aqua\/","title":{"rendered":"Papel de parede Yugen Aqua"},"content":{"rendered":"<p>Produto sujeito a encomenda ao fornecedor<\/p>\n<p>Prazo de entrega estimado 3-5 semanas<\/p>\n<p>NOTA: A imagem pode apresentar varia\u00e7\u00e3o de cor e tamanho em rela\u00e7\u00e3o ao artigo original.<\/p>","protected":false},"excerpt":{"rendered":"<p>Papel de parede Yugen<\/p>\n<p>Material: Tecido n\u00e3o tecido \/ Lav\u00e1vel<\/p>\n<p>Medida do rolo: 0,68m x 8,20m \/ Rapport: 64,10cm<\/p>\n<p>Pre\u00e7o por rolo \/Cole\u00e7\u00e3o Sakura Coordonn\u00e9<\/p>\n<p>Prazo de entrega estimado 3-5 semanas<\/p>","protected":false},"featured_media":3888,"comment_status":"closed","ping_status":"closed","template":"","meta":{"inline_featured_image":false},"product_cat":[104],"product_tag":[],"class_list":{"0":"post-3978","1":"product","2":"type-product","3":"status-publish","4":"has-post-thumbnail","6":"product_cat-papel-de-parede-2","8":"first","9":"instock","10":"taxable","11":"shipping-taxable","12":"purchasable","13":"product-type-simple"},"_links":{"self":[{"href":"https:\/\/www.anaoliveira.pt\/en\/wp-json\/wp\/v2\/product\/3978","targetHints":{"allow":["GET"]}}],"collection":[{"href":"https:\/\/www.anaoliveira.pt\/en\/wp-json\/wp\/v2\/product"}],"about":[{"href":"https:\/\/www.anaoliveira.pt\/en\/wp-json\/wp\/v2\/types\/product"}],"replies":[{"embeddable":true,"href":"https:\/\/www.anaoliveira.pt\/en\/wp-json\/wp\/v2\/comments?post=3978"}],"wp:featuredmedia":[{"embeddable":true,"href":"https:\/\/www.anaoliveira.pt\/en\/wp-json\/wp\/v2\/media\/3888"}],"wp:attachment":[{"href":"https:\/\/www.anaoliveira.pt\/en\/wp-json\/wp\/v2\/media?parent=3978"}],"wp:term":[{"taxonomy":"product_cat","embeddable":true,"href":"https:\/\/www.anaoliveira.pt\/en\/wp-json\/wp\/v2\/product_cat?post=3978"},{"taxonomy":"product_tag","embeddable":true,"href":"https:\/\/www.anaoliveira.pt\/en\/wp-json\/wp\/v2\/product_tag?post=3978"}],"curies":[{"name":"wp","href":"https:\/\/api.w.org\/{rel}","templated":true}]}}