{"id":3994,"date":"2021-04-11T17:12:17","date_gmt":"2021-04-11T16:12:17","guid":{"rendered":"https:\/\/www.anaoliveira.pt\/?post_type=product&#038;p=3994"},"modified":"2021-04-11T18:34:13","modified_gmt":"2021-04-11T17:34:13","slug":"papel-de-parede-hockley-lustre","status":"publish","type":"product","link":"https:\/\/www.anaoliveira.pt\/en\/product\/papel-de-parede-hockley-lustre\/","title":{"rendered":"Papel de parede Hockley Jasmine"},"content":{"rendered":"<p>Produto sujeito a encomenda ao fornecedor<\/p>\n<p>Prazo de entrega estimado 3-5 semanas<\/p>\n<p>NOTA: A imagem pode apresentar varia\u00e7\u00e3o de cor e tamanho em rela\u00e7\u00e3o ao artigo original.<\/p>","protected":false},"excerpt":{"rendered":"<p>Papel de parede Hockley<\/p>\n<p>Material: Vinilico<\/p>\n<p>Medida do rolo: 0,69m x 10,05m \/ Rapport: 61cm<\/p>\n<p>Pre\u00e7o por rolo \/Cole\u00e7\u00e3o Artesia Vila Nova<\/p>\n<p>Prazo de entrega estimado 3-5 semanas<\/p>","protected":false},"featured_media":3990,"comment_status":"closed","ping_status":"closed","template":"","meta":{"inline_featured_image":false},"product_cat":[104],"product_tag":[],"class_list":{"0":"post-3994","1":"product","2":"type-product","3":"status-publish","4":"has-post-thumbnail","6":"product_cat-papel-de-parede-2","8":"first","9":"instock","10":"taxable","11":"shipping-taxable","12":"purchasable","13":"product-type-simple"},"_links":{"self":[{"href":"https:\/\/www.anaoliveira.pt\/en\/wp-json\/wp\/v2\/product\/3994","targetHints":{"allow":["GET"]}}],"collection":[{"href":"https:\/\/www.anaoliveira.pt\/en\/wp-json\/wp\/v2\/product"}],"about":[{"href":"https:\/\/www.anaoliveira.pt\/en\/wp-json\/wp\/v2\/types\/product"}],"replies":[{"embeddable":true,"href":"https:\/\/www.anaoliveira.pt\/en\/wp-json\/wp\/v2\/comments?post=3994"}],"wp:featuredmedia":[{"embeddable":true,"href":"https:\/\/www.anaoliveira.pt\/en\/wp-json\/wp\/v2\/media\/3990"}],"wp:attachment":[{"href":"https:\/\/www.anaoliveira.pt\/en\/wp-json\/wp\/v2\/media?parent=3994"}],"wp:term":[{"taxonomy":"product_cat","embeddable":true,"href":"https:\/\/www.anaoliveira.pt\/en\/wp-json\/wp\/v2\/product_cat?post=3994"},{"taxonomy":"product_tag","embeddable":true,"href":"https:\/\/www.anaoliveira.pt\/en\/wp-json\/wp\/v2\/product_tag?post=3994"}],"curies":[{"name":"wp","href":"https:\/\/api.w.org\/{rel}","templated":true}]}}